{"id":712,"date":"2015-05-28T13:30:47","date_gmt":"2015-05-28T11:30:47","guid":{"rendered":"https:\/\/lajdemo.se\/nybergs\/?page_id=712"},"modified":"2022-04-14T11:52:07","modified_gmt":"2022-04-14T09:52:07","slug":"certifikat","status":"publish","type":"page","link":"https:\/\/lajdemo.se\/nybergs\/certifikat\/","title":{"rendered":"Certifikat"},"content":{"rendered":"<div id=\"certifikat\"><div class=\"fusion-fullwidth fullwidth-box fusion-builder-row-1 nonhundred-percent-fullwidth non-hundred-percent-height-scrolling\" style=\"background-color: #1f2326;background-position: left top;background-repeat: repeat;padding-top:20px;padding-right:30px;padding-bottom:0px;padding-left:30px;margin-bottom: 0px;margin-top: 0px;border-width: 0px 0px 0px 0px;border-color:#eae9e9;border-style:solid;\" ><div class=\"fusion-builder-row fusion-row\"><div class=\"fusion-layout-column fusion_builder_column fusion-builder-column-0 fusion_builder_column_1_1 1_1 fusion-one-full fusion-column-first fusion-column-last fusion-column-no-min-height\" style=\"margin-top:0px;margin-bottom:0px;\"><div class=\"fusion-column-wrapper fusion-flex-column-wrapper-legacy\" style=\"background-position:left top;background-repeat:no-repeat;-webkit-background-size:cover;-moz-background-size:cover;-o-background-size:cover;background-size:cover;padding: 0px 0px 0px 0px;\"><div class=\"fusion-text fusion-text-1\"><h1 style=\"text-align: center;\"><span style=\"color: #ffffff;\">Nedan finner du v\u00e5ra intyg<\/span><\/h1>\n<\/div><div class=\"fusion-sep-clear\"><\/div><div class=\"fusion-separator\" style=\"margin-left: auto;margin-right: auto;margin-top:10px;margin-bottom:55px;width:100%;max-width:150px;\"><div class=\"fusion-separator-border sep-single sep-solid\" style=\"border-color:rgba (255,255,7);border-top-width:1px;\"><\/div><\/div><div class=\"fusion-sep-clear\"><\/div><div class=\"fusion-clearfix\"><\/div><\/div><\/div><div class=\"fusion-layout-column fusion_builder_column fusion-builder-column-1 fusion_builder_column_1_5 1_5 fusion-one-fifth fusion-column-first\" style=\"width:16.8%; margin-right: 4%;margin-top:0px;margin-bottom:20px;\"><div class=\"fusion-column-wrapper fusion-flex-column-wrapper-legacy\" style=\"background-position:left top;background-repeat:no-repeat;-webkit-background-size:cover;-moz-background-size:cover;-o-background-size:cover;background-size:cover;padding: 0px 0px 0px 0px;\"><div class=\"fusion-clearfix\"><\/div><\/div><\/div><div class=\"fusion-layout-column fusion_builder_column fusion-builder-column-2 fusion_builder_column_3_5 3_5 fusion-three-fifth\" style=\"width:58.4%; margin-right: 4%;margin-top:0px;margin-bottom:20px;\"><div class=\"fusion-column-wrapper fusion-flex-column-wrapper-legacy\" style=\"background-position:left top;background-repeat:no-repeat;-webkit-background-size:cover;-moz-background-size:cover;-o-background-size:cover;background-size:cover;padding: 0px;\"><style type=\"text\/css\"><\/style><div class=\"fusion-title title fusion-title-1 fusion-sep-none fusion-title-text fusion-title-size-one\" style=\"margin-top:0px;margin-right:0px;margin-bottom:31px;margin-left:0px;\"><h1 class=\"title-heading-left fusion-responsive-typography-calculated\" style=\"margin:0;--fontSize:46;line-height:1.04;\">Certifikat<\/h1><\/div><div class=\"fusion-text fusion-text-2\"><ul>\n<li><a href=\"https:\/\/lajdemo.se\/nybergs\/wp-content\/uploads\/2015\/05\/Certifikat-SD-3E-06-299.pdf\" target=\"_blank\" rel=\"noopener\">Certifikat SD-3E (06-299)<\/a><\/li>\n<li><a href=\"https:\/\/lajdemo.se\/nybergs\/wp-content\/uploads\/2015\/05\/Certifikat-SD-3Es1-09-130.pdf\" target=\"_blank\" rel=\"noopener\">Certifikat SD-3Es1 (09-130)<\/a><\/li>\n<li><a href=\"https:\/\/lajdemo.se\/nybergs\/wp-content\/uploads\/2015\/05\/Certifikat-SD-3E-95-297.pdf\" target=\"_blank\" rel=\"noopener\">Certifikat SD-3E (95-297)<\/a><\/li>\n<li><a href=\"https:\/\/lajdemo.se\/nybergs\/wp-content\/uploads\/2015\/05\/Certifikat-SS-EN-ISO-9001-2008.pdf\" target=\"_blank\" rel=\"noopener\">Certifikat SS-EN ISO 9001:2008<\/a><\/li>\n<\/ul>\n<\/div><div class=\"fusion-clearfix\"><\/div><\/div><\/div><div class=\"fusion-layout-column fusion_builder_column fusion-builder-column-3 fusion_builder_column_1_5 1_5 fusion-one-fifth fusion-column-last\" style=\"width:16.8%;margin-top:0px;margin-bottom:20px;\"><div class=\"fusion-column-wrapper fusion-flex-column-wrapper-legacy\" style=\"background-position:left top;background-repeat:no-repeat;-webkit-background-size:cover;-moz-background-size:cover;-o-background-size:cover;background-size:cover;padding: 0px 0px 0px 0px;\"><span class=\" fusion-imageframe imageframe-none imageframe-1 hover-type-none fusion-animated\" data-animationType=\"fadeInDown\" data-animationDuration=\"0.9\" data-animationOffset=\"top-into-view\"><img width=\"274\" height=\"270\" alt=\"Pdf ikon bl\u00e5 Nybergs\" title=\"pdf-icon-bla-nybergs\" src=\"https:\/\/lajdemo.se\/nybergs\/wp-content\/uploads\/2015\/05\/pdf-icon-bla-nybergs.jpg\" class=\"img-responsive wp-image-742\"\/><\/span><div class=\"fusion-clearfix\"><\/div><\/div><\/div><div class=\"fusion-layout-column fusion_builder_column fusion-builder-column-4 fusion_builder_column_1_1 1_1 fusion-one-full fusion-column-first fusion-column-last fusion-column-no-min-height\" style=\"margin-top:0px;margin-bottom:0px;\"><div class=\"fusion-column-wrapper fusion-flex-column-wrapper-legacy\" style=\"background-position:left top;background-repeat:no-repeat;-webkit-background-size:cover;-moz-background-size:cover;-o-background-size:cover;background-size:cover;padding: 0px 0px 0px 0px;\"><div class=\"fusion-sep-clear\"><\/div><div class=\"fusion-separator fusion-full-width-sep\" style=\"margin-left: auto;margin-right: auto;margin-top:10px;margin-bottom:55px;width:100%;\"><div class=\"fusion-separator-border sep-shadow\" style=\"background:radial-gradient(ellipse at 50% -50% , #e0dede 0px, rgba(255, 255, 255, 0) 80%) repeat scroll 0 0 rgba(0, 0, 0, 0);background:-webkit-radial-gradient(ellipse at 50% -50% , #e0dede 0px, rgba(255, 255, 255, 0) 80%) repeat scroll 0 0 rgba(0, 0, 0, 0);background:-moz-radial-gradient(ellipse at 50% -50% , #e0dede 0px, rgba(255, 255, 255, 0) 80%) repeat scroll 0 0 rgba(0, 0, 0, 0);background:-o-radial-gradient(ellipse at 50% -50% , #e0dede 0px, rgba(255, 255, 255, 0) 80%) repeat scroll 0 0 rgba(0, 0, 0, 0);\"><\/div><\/div><div class=\"fusion-sep-clear\"><\/div><div class=\"fusion-clearfix\"><\/div><\/div><\/div><div class=\"fusion-layout-column fusion_builder_column fusion-builder-column-5 fusion_builder_column_1_5 1_5 fusion-one-fifth fusion-column-first\" style=\"width:16.8%; margin-right: 4%;margin-top:0px;margin-bottom:20px;\"><div class=\"fusion-column-wrapper fusion-flex-column-wrapper-legacy\" style=\"background-position:left top;background-repeat:no-repeat;-webkit-background-size:cover;-moz-background-size:cover;-o-background-size:cover;background-size:cover;padding: 0px 0px 0px 0px;\"><div class=\"fusion-clearfix\"><\/div><\/div><\/div><div class=\"fusion-layout-column fusion_builder_column fusion-builder-column-6 fusion_builder_column_3_5 3_5 fusion-three-fifth\" style=\"width:58.4%; margin-right: 4%;margin-top:0px;margin-bottom:20px;\"><div class=\"fusion-column-wrapper fusion-flex-column-wrapper-legacy\" style=\"background-position:left top;background-repeat:no-repeat;-webkit-background-size:cover;-moz-background-size:cover;-o-background-size:cover;background-size:cover;padding: 0px;\"><style type=\"text\/css\"><\/style><div class=\"fusion-title title fusion-title-2 fusion-sep-none fusion-title-text fusion-title-size-one\" style=\"margin-top:0px;margin-right:0px;margin-bottom:31px;margin-left:0px;\"><h1 class=\"title-heading-left fusion-responsive-typography-calculated\" style=\"margin:0;--fontSize:46;line-height:1.04;\">Typgodk\u00e4nnande<\/h1><\/div><div class=\"fusion-text fusion-text-3\"><ul>\n<li><a href=\"https:\/\/lajdemo.se\/nybergs\/wp-content\/uploads\/2015\/05\/Typgodk-SD-3-0843-92.pdf\" target=\"_blank\" rel=\"noopener\">Typgodk. SD-3 (0843\/92)<\/a><\/li>\n<li><a href=\"https:\/\/lajdemo.se\/nybergs\/wp-content\/uploads\/2015\/05\/Typgodk-BYR-A90-SC0562-10.pdf\" target=\"_blank\" rel=\"noopener\">Typgodk. BYR-A90 (SC0562-10)<\/a><\/li>\n<li><a href=\"https:\/\/lajdemo.se\/nybergs\/wp-content\/uploads\/2015\/05\/Typgodk-BY-BY45-SD-2-SD-3E-SD-3E40-1044-91.pdf\" target=\"_blank\" rel=\"noopener\">Typgodk. BY, BY45, SD-2, SD-3E, SD-3E40 (1044\/91)<\/a><\/li>\n<li><a href=\"https:\/\/lajdemo.se\/nybergs\/wp-content\/uploads\/2015\/05\/Typgodk-BA120-SC0783-13.pdf\" target=\"_blank\" rel=\"noopener\">Typgodk. BA120 (SC0783-13)<\/a><\/li>\n<\/ul>\n<\/div><div class=\"fusion-clearfix\"><\/div><\/div><\/div><div class=\"fusion-layout-column fusion_builder_column fusion-builder-column-7 fusion_builder_column_1_5 1_5 fusion-one-fifth fusion-column-last\" style=\"width:16.8%;margin-top:0px;margin-bottom:20px;\"><div class=\"fusion-column-wrapper fusion-flex-column-wrapper-legacy\" style=\"background-position:left top;background-repeat:no-repeat;-webkit-background-size:cover;-moz-background-size:cover;-o-background-size:cover;background-size:cover;padding: 0px 0px 0px 0px;\"><div class=\"fusion-clearfix\"><\/div><\/div><\/div><div class=\"fusion-layout-column fusion_builder_column fusion-builder-column-8 fusion_builder_column_1_1 1_1 fusion-one-full fusion-column-first fusion-column-last fusion-column-no-min-height\" style=\"margin-top:0px;margin-bottom:0px;\"><div class=\"fusion-column-wrapper fusion-flex-column-wrapper-legacy\" style=\"background-position:left top;background-repeat:no-repeat;-webkit-background-size:cover;-moz-background-size:cover;-o-background-size:cover;background-size:cover;padding: 0px 0px 0px 0px;\"><div class=\"fusion-sep-clear\"><\/div><div class=\"fusion-separator fusion-full-width-sep\" style=\"margin-left: auto;margin-right: auto;margin-top:10px;margin-bottom:55px;width:100%;\"><div class=\"fusion-separator-border sep-shadow\" style=\"background:radial-gradient(ellipse at 50% -50% , #e0dede 0px, rgba(255, 255, 255, 0) 80%) repeat scroll 0 0 rgba(0, 0, 0, 0);background:-webkit-radial-gradient(ellipse at 50% -50% , #e0dede 0px, rgba(255, 255, 255, 0) 80%) repeat scroll 0 0 rgba(0, 0, 0, 0);background:-moz-radial-gradient(ellipse at 50% -50% , #e0dede 0px, rgba(255, 255, 255, 0) 80%) repeat scroll 0 0 rgba(0, 0, 0, 0);background:-o-radial-gradient(ellipse at 50% -50% , #e0dede 0px, rgba(255, 255, 255, 0) 80%) repeat scroll 0 0 rgba(0, 0, 0, 0);\"><\/div><\/div><div class=\"fusion-sep-clear\"><\/div><div class=\"fusion-clearfix\"><\/div><\/div><\/div><div class=\"fusion-layout-column fusion_builder_column fusion-builder-column-9 fusion_builder_column_1_5 1_5 fusion-one-fifth fusion-column-first\" style=\"width:16.8%; margin-right: 4%;margin-top:0px;margin-bottom:20px;\"><div class=\"fusion-column-wrapper fusion-flex-column-wrapper-legacy\" style=\"background-position:left top;background-repeat:no-repeat;-webkit-background-size:cover;-moz-background-size:cover;-o-background-size:cover;background-size:cover;padding: 0px 0px 0px 0px;\"><div class=\"fusion-clearfix\"><\/div><\/div><\/div><div class=\"fusion-layout-column fusion_builder_column fusion-builder-column-10 fusion_builder_column_3_5 3_5 fusion-three-fifth\" style=\"width:58.4%; margin-right: 4%;margin-top:0px;margin-bottom:20px;\"><div class=\"fusion-column-wrapper fusion-flex-column-wrapper-legacy\" style=\"background-position:left top;background-repeat:no-repeat;-webkit-background-size:cover;-moz-background-size:cover;-o-background-size:cover;background-size:cover;padding: 0px;\"><style type=\"text\/css\"><\/style><div class=\"fusion-title title fusion-title-3 fusion-sep-none fusion-title-text fusion-title-size-one\" style=\"margin-top:0px;margin-right:0px;margin-bottom:31px;margin-left:0px;\"><h1 class=\"title-heading-left fusion-responsive-typography-calculated\" style=\"margin:0;--fontSize:46;line-height:1.04;\">CE-m\u00e4rkning<\/h1><\/div><div class=\"fusion-text fusion-text-4\"><ul>\n<li><a href=\"https:\/\/lajdemo.se\/nybergs\/wp-content\/uploads\/2015\/05\/Prestandadeklaration-Branddorr-A60-BY.pdf\" target=\"_blank\" rel=\"noopener\">Prestandadeklaration Brandd\u00f6rr A60 (BY)<\/a><\/li>\n<li><a href=\"https:\/\/lajdemo.se\/nybergs\/wp-content\/uploads\/2015\/05\/Prestandadeklaration-Brandorr-A60-med-slaplist-BY.pdf\" target=\"_blank\" rel=\"noopener\">Prestandadeklaration Brand\u00f6rr A60 med sl\u00e4plist (BY)<\/a><\/li>\n<li><a href=\"https:\/\/lajdemo.se\/nybergs\/wp-content\/uploads\/2015\/05\/Prestandadeklaration-Branddorr-A60-45dB-BY45.pdf\" target=\"_blank\" rel=\"noopener\">Prestandadeklaration Brandd\u00f6rr A60 45dB (BY45)<\/a><\/li>\n<li><a href=\"https:\/\/lajdemo.se\/nybergs\/wp-content\/uploads\/2015\/05\/Prestandadeklaration-Branddorr-A60-45dB-med-slaplist-BY45.pdf\" target=\"_blank\" rel=\"noopener\">Prestandadeklaration Brandd\u00f6rr A60 45dB med sl\u00e4plist (BY45)<\/a><\/li>\n<li><a href=\"https:\/\/lajdemo.se\/nybergs\/wp-content\/uploads\/2015\/05\/Prestandadeklaration-Branddorr-A60-A90-BYR.pdf\" target=\"_blank\" rel=\"noopener\">Prestandadeklaration Brandd\u00f6rr A60\/A90 (BYR)<\/a><\/li>\n<li><a href=\"https:\/\/lajdemo.se\/nybergs\/wp-content\/uploads\/2015\/05\/Prestandadeklaration-Sakerhetsdorr-SS-EN-1627-SD3E.pdf\" target=\"_blank\" rel=\"noopener\">Prestandadeklaration S\u00e4kerhetsd\u00f6rr SS-EN 1627 (SD3E)<\/a><\/li>\n<li><a href=\"https:\/\/lajdemo.se\/nybergs\/wp-content\/uploads\/2015\/05\/Prestandadeklaration-Sakerhetsdorr-40-dB-SS-EN-1627-SD3E40.pdf\" target=\"_blank\" rel=\"noopener\">Prestandadeklaration S\u00e4kerhetsd\u00f6rr 40 dB SS-EN 1627 (SD3E40)<\/a><\/li>\n<\/ul>\n<\/div><div class=\"fusion-clearfix\"><\/div><\/div><\/div><div class=\"fusion-layout-column fusion_builder_column fusion-builder-column-11 fusion_builder_column_1_5 1_5 fusion-one-fifth fusion-column-last\" style=\"width:16.8%;margin-top:0px;margin-bottom:20px;\"><div class=\"fusion-column-wrapper fusion-flex-column-wrapper-legacy\" style=\"background-position:left top;background-repeat:no-repeat;-webkit-background-size:cover;-moz-background-size:cover;-o-background-size:cover;background-size:cover;padding: 0px 0px 0px 0px;\"><div class=\"fusion-clearfix\"><\/div><\/div><\/div><div class=\"fusion-layout-column fusion_builder_column fusion-builder-column-12 fusion_builder_column_1_1 1_1 fusion-one-full fusion-column-first fusion-column-last fusion-column-no-min-height\" style=\"margin-top:0px;margin-bottom:0px;\"><div class=\"fusion-column-wrapper fusion-flex-column-wrapper-legacy\" style=\"background-position:left top;background-repeat:no-repeat;-webkit-background-size:cover;-moz-background-size:cover;-o-background-size:cover;background-size:cover;padding: 0px 0px 0px 0px;\"><div class=\"fusion-sep-clear\"><\/div><div class=\"fusion-separator fusion-full-width-sep\" style=\"margin-left: auto;margin-right: auto;margin-top:10px;margin-bottom:55px;width:100%;\"><div class=\"fusion-separator-border sep-shadow\" style=\"background:radial-gradient(ellipse at 50% -50% , #e0dede 0px, rgba(255, 255, 255, 0) 80%) repeat scroll 0 0 rgba(0, 0, 0, 0);background:-webkit-radial-gradient(ellipse at 50% -50% , #e0dede 0px, rgba(255, 255, 255, 0) 80%) repeat scroll 0 0 rgba(0, 0, 0, 0);background:-moz-radial-gradient(ellipse at 50% -50% , #e0dede 0px, rgba(255, 255, 255, 0) 80%) repeat scroll 0 0 rgba(0, 0, 0, 0);background:-o-radial-gradient(ellipse at 50% -50% , #e0dede 0px, rgba(255, 255, 255, 0) 80%) repeat scroll 0 0 rgba(0, 0, 0, 0);\"><\/div><\/div><div class=\"fusion-sep-clear\"><\/div><div class=\"fusion-clearfix\"><\/div><\/div><\/div><div class=\"fusion-layout-column fusion_builder_column fusion-builder-column-13 fusion_builder_column_1_5 1_5 fusion-one-fifth fusion-column-first\" style=\"width:16.8%; margin-right: 4%;margin-top:0px;margin-bottom:20px;\"><div class=\"fusion-column-wrapper fusion-flex-column-wrapper-legacy\" style=\"background-position:left top;background-repeat:no-repeat;-webkit-background-size:cover;-moz-background-size:cover;-o-background-size:cover;background-size:cover;padding: 0px 0px 0px 0px;\"><div class=\"fusion-clearfix\"><\/div><\/div><\/div><div class=\"fusion-layout-column fusion_builder_column fusion-builder-column-14 fusion_builder_column_3_5 3_5 fusion-three-fifth\" style=\"width:58.4%; margin-right: 4%;margin-top:0px;margin-bottom:20px;\"><div class=\"fusion-column-wrapper fusion-flex-column-wrapper-legacy\" style=\"background-position:left top;background-repeat:no-repeat;-webkit-background-size:cover;-moz-background-size:cover;-o-background-size:cover;background-size:cover;padding: 0px;\"><style type=\"text\/css\"><\/style><div class=\"fusion-title title fusion-title-4 fusion-sep-none fusion-title-text fusion-title-size-one\" style=\"margin-top:0px;margin-right:0px;margin-bottom:31px;margin-left:0px;\"><h1 class=\"title-heading-left fusion-responsive-typography-calculated\" style=\"margin:0;--fontSize:46;line-height:1.04;\">Information om m\u00e4rkning\/klassning<\/h1><\/div><div class=\"fusion-text fusion-text-5\"><ul>\n<li><a href=\"https:\/\/lajdemo.se\/nybergs\/wp-content\/uploads\/2015\/05\/Markningsinformation.pdf\" target=\"_blank\" rel=\"noopener\">M\u00e4rkningsinformation<\/a><\/li>\n<\/ul>\n<\/div><div class=\"fusion-clearfix\"><\/div><\/div><\/div><div class=\"fusion-layout-column fusion_builder_column fusion-builder-column-15 fusion_builder_column_1_5 1_5 fusion-one-fifth fusion-column-last\" style=\"width:16.8%;margin-top:0px;margin-bottom:20px;\"><div class=\"fusion-column-wrapper fusion-flex-column-wrapper-legacy\" style=\"background-position:left top;background-repeat:no-repeat;-webkit-background-size:cover;-moz-background-size:cover;-o-background-size:cover;background-size:cover;padding: 0px 0px 0px 0px;\"><div class=\"fusion-clearfix\"><\/div><\/div><\/div><div class=\"fusion-layout-column fusion_builder_column fusion-builder-column-16 fusion_builder_column_1_1 1_1 fusion-one-full fusion-column-first fusion-column-last fusion-column-no-min-height\" style=\"margin-top:0px;margin-bottom:0px;\"><div class=\"fusion-column-wrapper fusion-flex-column-wrapper-legacy\" style=\"background-position:left top;background-repeat:no-repeat;-webkit-background-size:cover;-moz-background-size:cover;-o-background-size:cover;background-size:cover;padding: 0px 0px 0px 0px;\"><div class=\"fusion-sep-clear\"><\/div><div class=\"fusion-separator fusion-full-width-sep\" style=\"margin-left: auto;margin-right: auto;margin-top:10px;margin-bottom:55px;width:100%;\"><\/div><div class=\"fusion-sep-clear\"><\/div><div class=\"fusion-clearfix\"><\/div><\/div><\/div><\/div><\/div><\/div>\n","protected":false},"excerpt":{"rendered":"","protected":false},"author":1,"featured_media":0,"parent":0,"menu_order":0,"comment_status":"closed","ping_status":"closed","template":"100-width.php","meta":[],"yoast_head":"<!-- This site is optimized with the Yoast SEO plugin v18.6 - https:\/\/yoast.com\/wordpress\/plugins\/seo\/ -->\n<title>Certifikat - Nybergs - Brand och S\u00e4kerhetsd\u00f6rrar<\/title>\n<meta name=\"description\" content=\"Endast certifierade produkter.\u00a0Nedan finner du v\u00e5ra intyg: Certifikat SD-3E (06-299) Certifikat SD-3Es1 (09-130) Certifikat SD-3E (95-297)\u00a0 Certifikat SS-EN ISO 9001:2008\" \/>\n<meta name=\"robots\" content=\"noindex, follow, max-snippet:-1, max-image-preview:large, max-video-preview:-1\" \/>\n<meta property=\"og:locale\" content=\"sv_SE\" \/>\n<meta property=\"og:type\" content=\"article\" \/>\n<meta property=\"og:title\" content=\"Certifikat - Nybergs - Brand och S\u00e4kerhetsd\u00f6rrar\" \/>\n<meta property=\"og:description\" content=\"Endast certifierade produkter.\u00a0Nedan finner du v\u00e5ra intyg: Certifikat SD-3E (06-299) Certifikat SD-3Es1 (09-130) Certifikat SD-3E (95-297)\u00a0 Certifikat SS-EN ISO 9001:2008\" \/>\n<meta property=\"og:url\" content=\"https:\/\/lajdemo.se\/nybergs\/certifikat\/\" \/>\n<meta property=\"og:site_name\" content=\"Nybergs - Brand och S\u00e4kerhetsd\u00f6rrar\" \/>\n<meta property=\"article:modified_time\" content=\"2022-04-14T09:52:07+00:00\" \/>\n<meta property=\"og:image\" content=\"https:\/\/lajdemo.se\/nybergs\/wp-content\/uploads\/2015\/05\/pdf-icon-bla-nybergs.jpg\" \/>\n<meta name=\"twitter:card\" content=\"summary\" \/>\n<meta name=\"twitter:label1\" content=\"Ber\u00e4knad l\u00e4stid\" \/>\n\t<meta name=\"twitter:data1\" content=\"7 minuter\" \/>\n<script type=\"application\/ld+json\" class=\"yoast-schema-graph\">{\"@context\":\"https:\/\/schema.org\",\"@graph\":[{\"@type\":\"WebSite\",\"@id\":\"https:\/\/lajdemo.se\/nybergs\/#website\",\"url\":\"https:\/\/lajdemo.se\/nybergs\/\",\"name\":\"Nybergs - Brand och S\u00e4kerhetsd\u00f6rrar\",\"description\":\"S\u00e4kerhetsd\u00f6rrar | Brandd\u00f6rrar | Skyddsd\u00f6rrar | Speciald\u00f6rrar\",\"potentialAction\":[{\"@type\":\"SearchAction\",\"target\":{\"@type\":\"EntryPoint\",\"urlTemplate\":\"https:\/\/lajdemo.se\/nybergs\/?s={search_term_string}\"},\"query-input\":\"required name=search_term_string\"}],\"inLanguage\":\"sv-SE\"},{\"@type\":\"ImageObject\",\"@id\":\"https:\/\/lajdemo.se\/nybergs\/certifikat\/#primaryimage\",\"inLanguage\":\"sv-SE\",\"url\":\"https:\/\/lajdemo.se\/nybergs\/wp-content\/uploads\/2015\/05\/pdf-icon-bla-nybergs.jpg\",\"contentUrl\":\"https:\/\/lajdemo.se\/nybergs\/wp-content\/uploads\/2015\/05\/pdf-icon-bla-nybergs.jpg\",\"width\":274,\"height\":270,\"caption\":\"Pdf Ikon bl\u00e5 Nybergs\"},{\"@type\":\"WebPage\",\"@id\":\"https:\/\/lajdemo.se\/nybergs\/certifikat\/#webpage\",\"url\":\"https:\/\/lajdemo.se\/nybergs\/certifikat\/\",\"name\":\"Certifikat - Nybergs - Brand och S\u00e4kerhetsd\u00f6rrar\",\"isPartOf\":{\"@id\":\"https:\/\/lajdemo.se\/nybergs\/#website\"},\"primaryImageOfPage\":{\"@id\":\"https:\/\/lajdemo.se\/nybergs\/certifikat\/#primaryimage\"},\"datePublished\":\"2015-05-28T11:30:47+00:00\",\"dateModified\":\"2022-04-14T09:52:07+00:00\",\"description\":\"Endast certifierade produkter.\u00a0Nedan finner du v\u00e5ra intyg: Certifikat SD-3E (06-299) Certifikat SD-3Es1 (09-130) Certifikat SD-3E (95-297)\u00a0 Certifikat SS-EN ISO 9001:2008\",\"breadcrumb\":{\"@id\":\"https:\/\/lajdemo.se\/nybergs\/certifikat\/#breadcrumb\"},\"inLanguage\":\"sv-SE\",\"potentialAction\":[{\"@type\":\"ReadAction\",\"target\":[\"https:\/\/lajdemo.se\/nybergs\/certifikat\/\"]}]},{\"@type\":\"BreadcrumbList\",\"@id\":\"https:\/\/lajdemo.se\/nybergs\/certifikat\/#breadcrumb\",\"itemListElement\":[{\"@type\":\"ListItem\",\"position\":1,\"name\":\"Hem\",\"item\":\"https:\/\/lajdemo.se\/nybergs\/\"},{\"@type\":\"ListItem\",\"position\":2,\"name\":\"Certifikat\"}]}]}<\/script>\n<!-- \/ Yoast SEO plugin. -->","yoast_head_json":{"title":"Certifikat - Nybergs - Brand och S\u00e4kerhetsd\u00f6rrar","description":"Endast certifierade produkter.\u00a0Nedan finner du v\u00e5ra intyg: Certifikat SD-3E (06-299) Certifikat SD-3Es1 (09-130) Certifikat SD-3E (95-297)\u00a0 Certifikat SS-EN ISO 9001:2008","robots":{"index":"noindex","follow":"follow","max-snippet":"max-snippet:-1","max-image-preview":"max-image-preview:large","max-video-preview":"max-video-preview:-1"},"og_locale":"sv_SE","og_type":"article","og_title":"Certifikat - Nybergs - Brand och S\u00e4kerhetsd\u00f6rrar","og_description":"Endast certifierade produkter.\u00a0Nedan finner du v\u00e5ra intyg: Certifikat SD-3E (06-299) Certifikat SD-3Es1 (09-130) Certifikat SD-3E (95-297)\u00a0 Certifikat SS-EN ISO 9001:2008","og_url":"https:\/\/lajdemo.se\/nybergs\/certifikat\/","og_site_name":"Nybergs - Brand och S\u00e4kerhetsd\u00f6rrar","article_modified_time":"2022-04-14T09:52:07+00:00","og_image":[{"url":"https:\/\/lajdemo.se\/nybergs\/wp-content\/uploads\/2015\/05\/pdf-icon-bla-nybergs.jpg"}],"twitter_card":"summary","twitter_misc":{"Ber\u00e4knad l\u00e4stid":"7 minuter"},"schema":{"@context":"https:\/\/schema.org","@graph":[{"@type":"WebSite","@id":"https:\/\/lajdemo.se\/nybergs\/#website","url":"https:\/\/lajdemo.se\/nybergs\/","name":"Nybergs - Brand och S\u00e4kerhetsd\u00f6rrar","description":"S\u00e4kerhetsd\u00f6rrar | Brandd\u00f6rrar | Skyddsd\u00f6rrar | Speciald\u00f6rrar","potentialAction":[{"@type":"SearchAction","target":{"@type":"EntryPoint","urlTemplate":"https:\/\/lajdemo.se\/nybergs\/?s={search_term_string}"},"query-input":"required name=search_term_string"}],"inLanguage":"sv-SE"},{"@type":"ImageObject","@id":"https:\/\/lajdemo.se\/nybergs\/certifikat\/#primaryimage","inLanguage":"sv-SE","url":"https:\/\/lajdemo.se\/nybergs\/wp-content\/uploads\/2015\/05\/pdf-icon-bla-nybergs.jpg","contentUrl":"https:\/\/lajdemo.se\/nybergs\/wp-content\/uploads\/2015\/05\/pdf-icon-bla-nybergs.jpg","width":274,"height":270,"caption":"Pdf Ikon bl\u00e5 Nybergs"},{"@type":"WebPage","@id":"https:\/\/lajdemo.se\/nybergs\/certifikat\/#webpage","url":"https:\/\/lajdemo.se\/nybergs\/certifikat\/","name":"Certifikat - Nybergs - Brand och S\u00e4kerhetsd\u00f6rrar","isPartOf":{"@id":"https:\/\/lajdemo.se\/nybergs\/#website"},"primaryImageOfPage":{"@id":"https:\/\/lajdemo.se\/nybergs\/certifikat\/#primaryimage"},"datePublished":"2015-05-28T11:30:47+00:00","dateModified":"2022-04-14T09:52:07+00:00","description":"Endast certifierade produkter.\u00a0Nedan finner du v\u00e5ra intyg: Certifikat SD-3E (06-299) Certifikat SD-3Es1 (09-130) Certifikat SD-3E (95-297)\u00a0 Certifikat SS-EN ISO 9001:2008","breadcrumb":{"@id":"https:\/\/lajdemo.se\/nybergs\/certifikat\/#breadcrumb"},"inLanguage":"sv-SE","potentialAction":[{"@type":"ReadAction","target":["https:\/\/lajdemo.se\/nybergs\/certifikat\/"]}]},{"@type":"BreadcrumbList","@id":"https:\/\/lajdemo.se\/nybergs\/certifikat\/#breadcrumb","itemListElement":[{"@type":"ListItem","position":1,"name":"Hem","item":"https:\/\/lajdemo.se\/nybergs\/"},{"@type":"ListItem","position":2,"name":"Certifikat"}]}]}},"_links":{"self":[{"href":"https:\/\/lajdemo.se\/nybergs\/wp-json\/wp\/v2\/pages\/712"}],"collection":[{"href":"https:\/\/lajdemo.se\/nybergs\/wp-json\/wp\/v2\/pages"}],"about":[{"href":"https:\/\/lajdemo.se\/nybergs\/wp-json\/wp\/v2\/types\/page"}],"author":[{"embeddable":true,"href":"https:\/\/lajdemo.se\/nybergs\/wp-json\/wp\/v2\/users\/1"}],"replies":[{"embeddable":true,"href":"https:\/\/lajdemo.se\/nybergs\/wp-json\/wp\/v2\/comments?post=712"}],"version-history":[{"count":28,"href":"https:\/\/lajdemo.se\/nybergs\/wp-json\/wp\/v2\/pages\/712\/revisions"}],"predecessor-version":[{"id":1160,"href":"https:\/\/lajdemo.se\/nybergs\/wp-json\/wp\/v2\/pages\/712\/revisions\/1160"}],"wp:attachment":[{"href":"https:\/\/lajdemo.se\/nybergs\/wp-json\/wp\/v2\/media?parent=712"}],"curies":[{"name":"wp","href":"https:\/\/api.w.org\/{rel}","templated":true}]}}