
{"id":8,"date":"2018-04-04T16:35:48","date_gmt":"2018-04-04T14:35:48","guid":{"rendered":"https:\/\/lajdemo.se\/alfaet-lajdemo\/?page_id=8"},"modified":"2020-11-26T16:48:11","modified_gmt":"2020-11-26T15:48:11","slug":"vara-tjanster","status":"publish","type":"page","link":"https:\/\/lajdemo.se\/alfaet-lajdemo\/vara-tjanster\/","title":{"rendered":"V\u00e5ra tj\u00e4nster"},"content":{"rendered":"[vc_row full_width=&#8221;stretch_row&#8221; equal_height=&#8221;yes&#8221; css=&#8221;.vc_custom_1523617147965{background-color: #5b9f9a !important;}&#8221;][vc_column][vc_empty_space height=&#8221;20&#8243;][\/vc_column][\/vc_row][vc_row full_width=&#8221;stretch_row&#8221; content_placement=&#8221;top&#8221;][vc_column width=&#8221;1\/4&#8243; css=&#8221;.vc_custom_1523014072499{border-right-width: 10px !important;padding-top: 50px !important;border-radius: 1px !important;}&#8221;][vc_column_text css=&#8221;.vc_custom_1542871550963{padding-right: 60px !important;}&#8221;]\n<h2>Redovisning<\/h2>\n<p>Vi hj\u00e4lper v\u00e5ra kunder med all den l\u00f6pande redovisningen s\u00e5som skanning av leverant\u00f6rsfakturor, fakturering, kvittoredovisning, avst\u00e4mningar och analyser.<\/p>\n<p>Vi skr\u00e4ddarsyr uppdraget efter dina \u00f6nskem\u00e5l, du best\u00e4mmer sj\u00e4lv hur digital du vill vara. Vi anv\u00e4nder oss av ett enda modernt ekonomisystem, d\u00e4r alla v\u00e5ra tj\u00e4nster s\u00e5som fakturaskanning, kvittohantering, fakturering och tidrapportering finns samlade.[\/vc_column_text][\/vc_column][vc_column width=&#8221;3\/4&#8243; css=&#8221;.vc_custom_1542982001745{padding-top: 15px !important;}&#8221;][vc_single_image image=&#8221;363&#8243; img_size=&#8221;large&#8221; css=&#8221;.vc_custom_1544607759237{padding-top: 40px !important;padding-bottom: 20px !important;padding-left: 0px !important;}&#8221;][\/vc_column][\/vc_row][vc_row full_width=&#8221;stretch_row&#8221; equal_height=&#8221;yes&#8221; css=&#8221;.vc_custom_1539010797788{padding-bottom: 0px !important;}&#8221;][vc_column][vc_empty_space height=&#8221;2&#8243;][\/vc_column][\/vc_row][vc_row full_width=&#8221;stretch_row_content&#8221; css=&#8221;.vc_custom_1523617228449{background-color: #5b9f9a !important;}&#8221;][vc_column][vc_empty_space height=&#8221;2px&#8221;][\/vc_column][\/vc_row][vc_row full_width=&#8221;stretch_row&#8221; css=&#8221;.vc_custom_1538549067729{padding-top: 30px !important;padding-bottom: 70px !important;}&#8221;][vc_column width=&#8221;1\/4&#8243;][vc_column_text css=&#8221;.vc_custom_1539350471493{padding-right: 40px !important;}&#8221;]\n<h2>L\u00f6n<\/h2>\n<p>Det \u00e4r mycket att ha koll p\u00e5 som f\u00f6retagare, och \u00e4nnu mer om du har anst\u00e4llda. L\u00f6ner \u00e4r ofta en stor post i f\u00f6retaget som man b\u00f6r ha koll p\u00e5. Vi har m\u00e5nga \u00e5rs erfarenhet av l\u00f6neadministration. Vi erbjuder ett modernt digitalt tidrapporteringssystem, d\u00e4r de anst\u00e4llda g\u00e5r in och rapporterar sin tid, resor och utl\u00e4gg. Vi tar d\u00e4refter vid och hanterar l\u00f6nerna, efterrapportering, semester\u00e5rsskifte, pensionsrapportering, statistik\u00a0m.m.[\/vc_column_text][\/vc_column][vc_column width=&#8221;3\/4&#8243;][vc_single_image image=&#8221;221&#8243; img_size=&#8221;large&#8221; alignment=&#8221;center&#8221;][\/vc_column][\/vc_row][vc_row full_width=&#8221;stretch_row&#8221; css=&#8221;.vc_custom_1523617704316{background-color: #5b9f9a !important;}&#8221;][vc_column][vc_empty_space height=&#8221;2&#8243;][\/vc_column][\/vc_row][vc_row full_width=&#8221;stretch_row&#8221; equal_height=&#8221;yes&#8221; content_placement=&#8221;top&#8221; css=&#8221;.vc_custom_1539261334583{padding-bottom: 40px !important;}&#8221;][vc_column width=&#8221;1\/4&#8243; css=&#8221;.vc_custom_1523010585030{margin-right: 2px !important;border-right-width: 2px !important;border-right-color: #5b9f9a !important;border-radius: 2px !important;}&#8221;][vc_column_text css=&#8221;.vc_custom_1542872680402{padding-right: 60px !important;}&#8221;]\n<h2>Bokslut &amp; \u00c5rsredovisning<\/h2>\n<p>Vi har l\u00e5ng erfarenhet av bokslut och \u00e5rsredovisningar f\u00f6r alla bolagsformer. Vi levererar bokslut, \u00e5rsredovisning och bokslutsrapport till v\u00e5ra kunder. Vi \u00e4r behj\u00e4lpliga med att ta fram all n\u00f6dv\u00e4ndig dokumentation till revisorerna, s\u00e5 att revisionen blir s\u00e5 smidig som m\u00f6jligt.<\/p>\n<p>Vi levererar ett digitalt bokslut till v\u00e5ra kunder.[\/vc_column_text][\/vc_column][vc_column width=&#8221;3\/4&#8243;][vc_single_image image=&#8221;330&#8243; img_size=&#8221;large&#8221;][\/vc_column][\/vc_row][vc_row full_width=&#8221;stretch_row&#8221; css=&#8221;.vc_custom_1523617704316{background-color: #5b9f9a !important;}&#8221;][vc_column][vc_empty_space height=&#8221;2&#8243;][\/vc_column][\/vc_row][vc_row full_width=&#8221;stretch_row&#8221; equal_height=&#8221;yes&#8221; content_placement=&#8221;top&#8221; css=&#8221;.vc_custom_1523014191194{padding-bottom: 40px !important;}&#8221;][vc_column width=&#8221;1\/4&#8243; css=&#8221;.vc_custom_1523014174957{padding-right: 40px !important;}&#8221;][vc_column_text]\n<h2>Skatter &amp; deklarationer<\/h2>\n<p>Vi hj\u00e4lper v\u00e5ra kunder med att l\u00e4mna in skattedeklarationen varje m\u00e5nad, och meddelar samtidigt hur mycket som ska betalas in.<br \/>\n<a name=\"_GoBack\"><\/a>Vi uppr\u00e4ttar inkomstdeklarationen f\u00f6r f\u00f6retaget, och ser till att bolagets prelimin\u00e4ra f-skatteinbetalningar ligger p\u00e5 en rimlig niv\u00e5.<\/p>\n<p>Sj\u00e4lvklart ser vi \u00f6ver \u00e4garnas skatter och hj\u00e4lper till med den privata deklarationen.[\/vc_column_text][\/vc_column][vc_column width=&#8221;3\/4&#8243;][vc_single_image image=&#8221;178&#8243; img_size=&#8221;large&#8221; alignment=&#8221;center&#8221;][\/vc_column][\/vc_row][vc_row full_width=&#8221;stretch_row&#8221; css=&#8221;.vc_custom_1523617704316{background-color: #5b9f9a !important;}&#8221;][vc_column][vc_empty_space height=&#8221;2&#8243;][\/vc_column][\/vc_row][vc_row content_placement=&#8221;top&#8221;][vc_column width=&#8221;1\/3&#8243;][vc_column_text css=&#8221;.vc_custom_1539351263231{padding-top: 20px !important;}&#8221;]\n<h2>R\u00e5dgivning<\/h2>\n<p>Vi \u00e4r sj\u00e4lvklart med n\u00e4r ni vill starta, driva, utveckla eller avveckla ert bolag.<\/p>\n<h1 style=\"text-align: left;\">Vi hj\u00e4lper till med:<\/h1>\n<ul>\n<li>\n<h4><strong><em>Starta bolag<\/em><\/strong><\/h4>\n<\/li>\n<li>\n<h4><strong><em>Fusioner<\/em><\/strong><\/h4>\n<\/li>\n<li>\n<h4><strong><em>Likvidationer<\/em><\/strong><\/h4>\n<\/li>\n<li>\n<h4><em><strong>Ombildningar<\/strong><\/em><\/h4>\n<\/li>\n<li>\n<h4><strong><em>Budget<\/em><\/strong><\/h4>\n<\/li>\n<li>\n<h4><strong><em>Utbildning<\/em><\/strong><\/h4>\n<\/li>\n<\/ul>\n[\/vc_column_text][\/vc_column][vc_column width=&#8221;2\/3&#8243; css=&#8221;.vc_custom_1538662425856{padding-top: 20px !important;}&#8221;][vc_row_inner][vc_column_inner width=&#8221;1\/2&#8243;][vc_single_image image=&#8221;186&#8243; img_size=&#8221;medium&#8221; alignment=&#8221;center&#8221; style=&#8221;vc_box_shadow_3d&#8221; css=&#8221;.vc_custom_1538662762405{padding-bottom: 20px !important;}&#8221;][\/vc_column_inner][vc_column_inner width=&#8221;1\/2&#8243;][vc_column_text]Simone Turan<br \/>\nsimone@alfaredovisning.se<br \/>\n0709-350585[\/vc_column_text][\/vc_column_inner][\/vc_row_inner][vc_row_inner][vc_column_inner width=&#8221;1\/2&#8243;][vc_single_image image=&#8221;217&#8243; img_size=&#8221;medium&#8221; alignment=&#8221;center&#8221; style=&#8221;vc_box_shadow_3d&#8221; css=&#8221;.vc_custom_1538662769997{padding-bottom: 20px !important;}&#8221;][\/vc_column_inner][vc_column_inner width=&#8221;1\/2&#8243;][vc_column_text]Lennart Edstr\u00f6m<br \/>\nlennart@alfaredovisning.se<br \/>\n0706-501771[\/vc_column_text][\/vc_column_inner][\/vc_row_inner][vc_row_inner][vc_column_inner width=&#8221;1\/2&#8243;][vc_single_image image=&#8221;924&#8243; img_size=&#8221;medium&#8221; alignment=&#8221;center&#8221; style=&#8221;vc_box_shadow_3d&#8221; css=&#8221;.vc_custom_1606405667425{padding-bottom: 20px !important;}&#8221;][\/vc_column_inner][vc_column_inner width=&#8221;1\/2&#8243;][vc_column_text]Hans-\u00c5ke Emfevid<br \/>\n0709-290949<br \/>\nhans@alfaredovisning.se[\/vc_column_text][\/vc_column_inner][\/vc_row_inner][\/vc_column][vc_column width=&#8221;1\/3&#8243;][\/vc_column][\/vc_row][vc_row full_width=&#8221;stretch_row&#8221; css=&#8221;.vc_custom_1523617704316{background-color: #5b9f9a !important;}&#8221;][vc_column][vc_empty_space height=&#8221;2&#8243;][\/vc_column][\/vc_row]\n","protected":false},"excerpt":{"rendered":"<p>[vc_row full_width=&#8221;stretch_row&#8221; equal_height=&#8221;yes&#8221; css=&#8221;.vc_custom_1523617147965{background-color: #5b9f9a !important;}&#8221;][vc_column][vc_empty_space height=&#8221;20&#8243;][\/vc_column][\/vc_row][vc_row full_width=&#8221;stretch_row&#8221; content_placement=&#8221;top&#8221;][vc_column width=&#8221;1\/4&#8243; css=&#8221;.vc_custom_1523014072499{border-right-width: 10px !important;padding-top: 50px !important;border-radius: 1px !important;}&#8221;][vc_column_text css=&#8221;.vc_custom_1542871550963{padding-right: 60px !important;}&#8221;] Redovisning Vi hj\u00e4lper v\u00e5ra kunder med all den l\u00f6pande redovisningen&#8230;<\/p>\n","protected":false},"author":1,"featured_media":0,"parent":0,"menu_order":0,"comment_status":"closed","ping_status":"closed","template":"","meta":[],"yoast_head":"<!-- This site is optimized with the Yoast SEO plugin v19.9 - https:\/\/yoast.com\/wordpress\/plugins\/seo\/ -->\n<title>V\u00e5ra tj\u00e4nster - alfaet |\u00a0Redovisning \u2022 L\u00f6n \u2022 Bokslut \u2022 Deklaratoin \u2022\u00a0Skatter<\/title>\n<meta name=\"description\" content=\"P\u00e5 Alfaet skr\u00e4ddarsyr vi l\u00f6sningar efter dina behov och du best\u00e4mmer hur digital du vill vara. Vi har allting samlat i ett modernt ekonomisystem.\" \/>\n<meta name=\"robots\" content=\"index, follow, max-snippet:-1, max-image-preview:large, max-video-preview:-1\" \/>\n<link rel=\"canonical\" href=\"https:\/\/lajdemo.se\/alfaet-lajdemo\/vara-tjanster\/\" \/>\n<meta property=\"og:locale\" content=\"sv_SE\" \/>\n<meta property=\"og:type\" content=\"article\" \/>\n<meta property=\"og:title\" content=\"V\u00e5ra tj\u00e4nster - alfaet |\u00a0Redovisning \u2022 L\u00f6n \u2022 Bokslut \u2022 Deklaratoin \u2022\u00a0Skatter\" \/>\n<meta property=\"og:description\" content=\"P\u00e5 Alfaet skr\u00e4ddarsyr vi l\u00f6sningar efter dina behov och du best\u00e4mmer hur digital du vill vara. Vi har allting samlat i ett modernt ekonomisystem.\" \/>\n<meta property=\"og:url\" content=\"https:\/\/lajdemo.se\/alfaet-lajdemo\/vara-tjanster\/\" \/>\n<meta property=\"og:site_name\" content=\"alfaet\" \/>\n<meta property=\"article:modified_time\" content=\"2020-11-26T15:48:11+00:00\" \/>\n<meta name=\"twitter:card\" content=\"summary_large_image\" \/>\n<meta name=\"twitter:label1\" content=\"Ber\u00e4knad l\u00e4stid\" \/>\n\t<meta name=\"twitter:data1\" content=\"5 minuter\" \/>\n<script type=\"application\/ld+json\" class=\"yoast-schema-graph\">{\"@context\":\"https:\/\/schema.org\",\"@graph\":[{\"@type\":\"WebPage\",\"@id\":\"https:\/\/lajdemo.se\/alfaet-lajdemo\/vara-tjanster\/\",\"url\":\"https:\/\/lajdemo.se\/alfaet-lajdemo\/vara-tjanster\/\",\"name\":\"V\u00e5ra tj\u00e4nster - alfaet |\u00a0Redovisning \u2022 L\u00f6n \u2022 Bokslut \u2022 Deklaratoin \u2022\u00a0Skatter\",\"isPartOf\":{\"@id\":\"https:\/\/lajdemo.se\/alfaet-lajdemo\/#website\"},\"datePublished\":\"2018-04-04T14:35:48+00:00\",\"dateModified\":\"2020-11-26T15:48:11+00:00\",\"description\":\"P\u00e5 Alfaet skr\u00e4ddarsyr vi l\u00f6sningar efter dina behov och du best\u00e4mmer hur digital du vill vara. Vi har allting samlat i ett modernt ekonomisystem.\",\"breadcrumb\":{\"@id\":\"https:\/\/lajdemo.se\/alfaet-lajdemo\/vara-tjanster\/#breadcrumb\"},\"inLanguage\":\"sv-SE\",\"potentialAction\":[{\"@type\":\"ReadAction\",\"target\":[\"https:\/\/lajdemo.se\/alfaet-lajdemo\/vara-tjanster\/\"]}]},{\"@type\":\"BreadcrumbList\",\"@id\":\"https:\/\/lajdemo.se\/alfaet-lajdemo\/vara-tjanster\/#breadcrumb\",\"itemListElement\":[{\"@type\":\"ListItem\",\"position\":1,\"name\":\"Hem\",\"item\":\"https:\/\/lajdemo.se\/alfaet-lajdemo\/\"},{\"@type\":\"ListItem\",\"position\":2,\"name\":\"V\u00e5ra tj\u00e4nster\"}]},{\"@type\":\"WebSite\",\"@id\":\"https:\/\/lajdemo.se\/alfaet-lajdemo\/#website\",\"url\":\"https:\/\/lajdemo.se\/alfaet-lajdemo\/\",\"name\":\"alfaet\",\"description\":\"Alfaredovisning - revisionsbyr\u00e5 i centrala V\u00e4ster\u00e5s\",\"potentialAction\":[{\"@type\":\"SearchAction\",\"target\":{\"@type\":\"EntryPoint\",\"urlTemplate\":\"https:\/\/lajdemo.se\/alfaet-lajdemo\/?s={search_term_string}\"},\"query-input\":\"required name=search_term_string\"}],\"inLanguage\":\"sv-SE\"}]}<\/script>\n<!-- \/ Yoast SEO plugin. -->","yoast_head_json":{"title":"V\u00e5ra tj\u00e4nster - alfaet |\u00a0Redovisning \u2022 L\u00f6n \u2022 Bokslut \u2022 Deklaratoin \u2022\u00a0Skatter","description":"P\u00e5 Alfaet skr\u00e4ddarsyr vi l\u00f6sningar efter dina behov och du best\u00e4mmer hur digital du vill vara. Vi har allting samlat i ett modernt ekonomisystem.","robots":{"index":"index","follow":"follow","max-snippet":"max-snippet:-1","max-image-preview":"max-image-preview:large","max-video-preview":"max-video-preview:-1"},"canonical":"https:\/\/lajdemo.se\/alfaet-lajdemo\/vara-tjanster\/","og_locale":"sv_SE","og_type":"article","og_title":"V\u00e5ra tj\u00e4nster - alfaet |\u00a0Redovisning \u2022 L\u00f6n \u2022 Bokslut \u2022 Deklaratoin \u2022\u00a0Skatter","og_description":"P\u00e5 Alfaet skr\u00e4ddarsyr vi l\u00f6sningar efter dina behov och du best\u00e4mmer hur digital du vill vara. Vi har allting samlat i ett modernt ekonomisystem.","og_url":"https:\/\/lajdemo.se\/alfaet-lajdemo\/vara-tjanster\/","og_site_name":"alfaet","article_modified_time":"2020-11-26T15:48:11+00:00","twitter_card":"summary_large_image","twitter_misc":{"Ber\u00e4knad l\u00e4stid":"5 minuter"},"schema":{"@context":"https:\/\/schema.org","@graph":[{"@type":"WebPage","@id":"https:\/\/lajdemo.se\/alfaet-lajdemo\/vara-tjanster\/","url":"https:\/\/lajdemo.se\/alfaet-lajdemo\/vara-tjanster\/","name":"V\u00e5ra tj\u00e4nster - alfaet |\u00a0Redovisning \u2022 L\u00f6n \u2022 Bokslut \u2022 Deklaratoin \u2022\u00a0Skatter","isPartOf":{"@id":"https:\/\/lajdemo.se\/alfaet-lajdemo\/#website"},"datePublished":"2018-04-04T14:35:48+00:00","dateModified":"2020-11-26T15:48:11+00:00","description":"P\u00e5 Alfaet skr\u00e4ddarsyr vi l\u00f6sningar efter dina behov och du best\u00e4mmer hur digital du vill vara. Vi har allting samlat i ett modernt ekonomisystem.","breadcrumb":{"@id":"https:\/\/lajdemo.se\/alfaet-lajdemo\/vara-tjanster\/#breadcrumb"},"inLanguage":"sv-SE","potentialAction":[{"@type":"ReadAction","target":["https:\/\/lajdemo.se\/alfaet-lajdemo\/vara-tjanster\/"]}]},{"@type":"BreadcrumbList","@id":"https:\/\/lajdemo.se\/alfaet-lajdemo\/vara-tjanster\/#breadcrumb","itemListElement":[{"@type":"ListItem","position":1,"name":"Hem","item":"https:\/\/lajdemo.se\/alfaet-lajdemo\/"},{"@type":"ListItem","position":2,"name":"V\u00e5ra tj\u00e4nster"}]},{"@type":"WebSite","@id":"https:\/\/lajdemo.se\/alfaet-lajdemo\/#website","url":"https:\/\/lajdemo.se\/alfaet-lajdemo\/","name":"alfaet","description":"Alfaredovisning - revisionsbyr\u00e5 i centrala V\u00e4ster\u00e5s","potentialAction":[{"@type":"SearchAction","target":{"@type":"EntryPoint","urlTemplate":"https:\/\/lajdemo.se\/alfaet-lajdemo\/?s={search_term_string}"},"query-input":"required name=search_term_string"}],"inLanguage":"sv-SE"}]}},"_links":{"self":[{"href":"https:\/\/lajdemo.se\/alfaet-lajdemo\/wp-json\/wp\/v2\/pages\/8"}],"collection":[{"href":"https:\/\/lajdemo.se\/alfaet-lajdemo\/wp-json\/wp\/v2\/pages"}],"about":[{"href":"https:\/\/lajdemo.se\/alfaet-lajdemo\/wp-json\/wp\/v2\/types\/page"}],"author":[{"embeddable":true,"href":"https:\/\/lajdemo.se\/alfaet-lajdemo\/wp-json\/wp\/v2\/users\/1"}],"replies":[{"embeddable":true,"href":"https:\/\/lajdemo.se\/alfaet-lajdemo\/wp-json\/wp\/v2\/comments?post=8"}],"version-history":[{"count":27,"href":"https:\/\/lajdemo.se\/alfaet-lajdemo\/wp-json\/wp\/v2\/pages\/8\/revisions"}],"predecessor-version":[{"id":925,"href":"https:\/\/lajdemo.se\/alfaet-lajdemo\/wp-json\/wp\/v2\/pages\/8\/revisions\/925"}],"wp:attachment":[{"href":"https:\/\/lajdemo.se\/alfaet-lajdemo\/wp-json\/wp\/v2\/media?parent=8"}],"curies":[{"name":"wp","href":"https:\/\/api.w.org\/{rel}","templated":true}]}}