
{"id":4,"date":"2018-04-04T16:35:08","date_gmt":"2018-04-04T14:35:08","guid":{"rendered":"https:\/\/lajdemo.se\/alfaet-lajdemo\/?page_id=4"},"modified":"2020-11-30T17:27:11","modified_gmt":"2020-11-30T16:27:11","slug":"hem","status":"publish","type":"page","link":"https:\/\/lajdemo.se\/alfaet-lajdemo\/","title":{"rendered":"Hem"},"content":{"rendered":"[vc_row gap=&#8221;10&#8243; content_placement=&#8221;top&#8221; css=&#8221;.vc_custom_1606726314900{padding-bottom: 20px !important;}&#8221;][vc_column css=&#8221;.vc_custom_1606397562250{padding-top: 0px !important;padding-bottom: 0px !important;}&#8221;][vc_column_text][rev_slider alias=&#8221;hem&#8221;][\/rev_slider][\/vc_column_text][\/vc_column][\/vc_row][vc_row css=&#8221;.vc_custom_1606393436742{padding-top: 0px !important;}&#8221;][vc_column width=&#8221;1\/2&#8243; css=&#8221;.vc_custom_1538741617306{padding-top: 40px !important;}&#8221;][vc_column_text]\n<h6 class=\"p1\"><em><strong><span class=\"s1\">Bokf\u00f6ring, l\u00f6ner, bokslut och deklaration, l\u00e5ter det kr\u00e5ngligt? Inte f\u00f6r oss \u2013 vi vill att du koncentrerar dig p\u00e5 din k\u00e4rnverksamhet och \u00f6verl\u00e5ter ekonomin till oss. Vi \u00e4lskar det vi g\u00f6r och vi \u00e4r r\u00e4tt duktiga p\u00e5 det ocks\u00e5.<\/span><\/strong><\/em><\/h6>\n[\/vc_column_text][\/vc_column][vc_column width=&#8221;1\/2&#8243;][\/vc_column][\/vc_row][vc_row css=&#8221;.vc_custom_1523618315720{padding-bottom: 40px !important;}&#8221;][vc_column width=&#8221;1\/2&#8243;][vc_column_text]\n<h6><em><strong>ALFAet Redovisning \u00e4r en modern byr\u00e5 som arbetar i ett webbaserat ekonomiprogram vilket g\u00f6r det m\u00f6jligt f\u00f6r kunden och oss att dela p\u00e5 arbetet. En dator och internetuppkoppling \u00e4r allt som beh\u00f6vs och ni kan sk\u00f6ta ekonomin n\u00e4rhelst och varsomhelst. Ni best\u00e4mmer sj\u00e4lv hur mycket, eller hur lite ni vill g\u00f6ra, vi skr\u00e4ddarsyr varje uppdrag efter kundens \u00f6nskem\u00e5l.<\/strong><\/em><\/h6>\n[\/vc_column_text][vc_column_text][\/vc_column_text][vc_column_text][\/vc_column_text][\/vc_column][vc_column width=&#8221;1\/2&#8243;][\/vc_column][\/vc_row][vc_row full_width=&#8221;stretch_row_content&#8221; css=&#8221;.vc_custom_1523617251228{padding-bottom: 40px !important;background-color: #274a46 !important;}&#8221;][vc_column][vc_empty_space height=&#8221;40px&#8221;][\/vc_column][\/vc_row]\n","protected":false},"excerpt":{"rendered":"<p>[vc_row gap=&#8221;10&#8243; content_placement=&#8221;top&#8221; css=&#8221;.vc_custom_1606726314900{padding-bottom: 20px !important;}&#8221;][vc_column css=&#8221;.vc_custom_1606397562250{padding-top: 0px !important;padding-bottom: 0px !important;}&#8221;][vc_column_text][rev_slider alias=&#8221;hem&#8221;][\/rev_slider][\/vc_column_text][\/vc_column][\/vc_row][vc_row css=&#8221;.vc_custom_1606393436742{padding-top: 0px !important;}&#8221;][vc_column width=&#8221;1\/2&#8243; css=&#8221;.vc_custom_1538741617306{padding-top: 40px !important;}&#8221;][vc_column_text] Bokf\u00f6ring, l\u00f6ner, bokslut och deklaration, l\u00e5ter det kr\u00e5ngligt? Inte f\u00f6r oss&#8230;<\/p>\n","protected":false},"author":1,"featured_media":0,"parent":0,"menu_order":0,"comment_status":"closed","ping_status":"closed","template":"","meta":[],"yoast_head":"<!-- This site is optimized with the Yoast SEO plugin v19.9 - https:\/\/yoast.com\/wordpress\/plugins\/seo\/ -->\n<title>Hem - alfaet | Bokf\u00f6ring \u2022 L\u00f6ner \u2022 Bokslut \u2022\u00a0Deklaration<\/title>\n<meta name=\"description\" content=\"Vi \u00e4lskar bokf\u00f6ring, l\u00f6ner, bokslut och deklaration! \u00d6verl\u00e5t ekonomin till oss s\u00e5 hj\u00e4lper vi er att fokusera mer p\u00e5 er k\u00e4rnverksamhet.\" \/>\n<meta name=\"robots\" content=\"index, follow, max-snippet:-1, max-image-preview:large, max-video-preview:-1\" \/>\n<link rel=\"canonical\" href=\"https:\/\/lajdemo.se\/alfaet-lajdemo\/\" \/>\n<meta property=\"og:locale\" content=\"sv_SE\" \/>\n<meta property=\"og:type\" content=\"article\" \/>\n<meta property=\"og:title\" content=\"Hem - alfaet | Bokf\u00f6ring \u2022 L\u00f6ner \u2022 Bokslut \u2022\u00a0Deklaration\" \/>\n<meta property=\"og:description\" content=\"Vi \u00e4lskar bokf\u00f6ring, l\u00f6ner, bokslut och deklaration! \u00d6verl\u00e5t ekonomin till oss s\u00e5 hj\u00e4lper vi er att fokusera mer p\u00e5 er k\u00e4rnverksamhet.\" \/>\n<meta property=\"og:url\" content=\"https:\/\/lajdemo.se\/alfaet-lajdemo\/\" \/>\n<meta property=\"og:site_name\" content=\"alfaet\" \/>\n<meta property=\"article:modified_time\" content=\"2020-11-30T16:27:11+00:00\" \/>\n<meta name=\"twitter:card\" content=\"summary_large_image\" \/>\n<meta name=\"twitter:label1\" content=\"Ber\u00e4knad l\u00e4stid\" \/>\n\t<meta name=\"twitter:data1\" content=\"1 minut\" \/>\n<script type=\"application\/ld+json\" class=\"yoast-schema-graph\">{\"@context\":\"https:\/\/schema.org\",\"@graph\":[{\"@type\":\"WebPage\",\"@id\":\"https:\/\/lajdemo.se\/alfaet-lajdemo\/\",\"url\":\"https:\/\/lajdemo.se\/alfaet-lajdemo\/\",\"name\":\"Hem - alfaet | Bokf\u00f6ring \u2022 L\u00f6ner \u2022 Bokslut \u2022\u00a0Deklaration\",\"isPartOf\":{\"@id\":\"https:\/\/lajdemo.se\/alfaet-lajdemo\/#website\"},\"datePublished\":\"2018-04-04T14:35:08+00:00\",\"dateModified\":\"2020-11-30T16:27:11+00:00\",\"description\":\"Vi \u00e4lskar bokf\u00f6ring, l\u00f6ner, bokslut och deklaration! \u00d6verl\u00e5t ekonomin till oss s\u00e5 hj\u00e4lper vi er att fokusera mer p\u00e5 er k\u00e4rnverksamhet.\",\"breadcrumb\":{\"@id\":\"https:\/\/lajdemo.se\/alfaet-lajdemo\/#breadcrumb\"},\"inLanguage\":\"sv-SE\",\"potentialAction\":[{\"@type\":\"ReadAction\",\"target\":[\"https:\/\/lajdemo.se\/alfaet-lajdemo\/\"]}]},{\"@type\":\"BreadcrumbList\",\"@id\":\"https:\/\/lajdemo.se\/alfaet-lajdemo\/#breadcrumb\",\"itemListElement\":[{\"@type\":\"ListItem\",\"position\":1,\"name\":\"Hem\",\"item\":\"https:\/\/lajdemo.se\/alfaet-lajdemo\/\"},{\"@type\":\"ListItem\",\"position\":2,\"name\":\"Hem\"}]},{\"@type\":\"WebSite\",\"@id\":\"https:\/\/lajdemo.se\/alfaet-lajdemo\/#website\",\"url\":\"https:\/\/lajdemo.se\/alfaet-lajdemo\/\",\"name\":\"alfaet\",\"description\":\"Alfaredovisning - revisionsbyr\u00e5 i centrala V\u00e4ster\u00e5s\",\"potentialAction\":[{\"@type\":\"SearchAction\",\"target\":{\"@type\":\"EntryPoint\",\"urlTemplate\":\"https:\/\/lajdemo.se\/alfaet-lajdemo\/?s={search_term_string}\"},\"query-input\":\"required name=search_term_string\"}],\"inLanguage\":\"sv-SE\"}]}<\/script>\n<!-- \/ Yoast SEO plugin. -->","yoast_head_json":{"title":"Hem - alfaet | Bokf\u00f6ring \u2022 L\u00f6ner \u2022 Bokslut \u2022\u00a0Deklaration","description":"Vi \u00e4lskar bokf\u00f6ring, l\u00f6ner, bokslut och deklaration! \u00d6verl\u00e5t ekonomin till oss s\u00e5 hj\u00e4lper vi er att fokusera mer p\u00e5 er k\u00e4rnverksamhet.","robots":{"index":"index","follow":"follow","max-snippet":"max-snippet:-1","max-image-preview":"max-image-preview:large","max-video-preview":"max-video-preview:-1"},"canonical":"https:\/\/lajdemo.se\/alfaet-lajdemo\/","og_locale":"sv_SE","og_type":"article","og_title":"Hem - alfaet | Bokf\u00f6ring \u2022 L\u00f6ner \u2022 Bokslut \u2022\u00a0Deklaration","og_description":"Vi \u00e4lskar bokf\u00f6ring, l\u00f6ner, bokslut och deklaration! \u00d6verl\u00e5t ekonomin till oss s\u00e5 hj\u00e4lper vi er att fokusera mer p\u00e5 er k\u00e4rnverksamhet.","og_url":"https:\/\/lajdemo.se\/alfaet-lajdemo\/","og_site_name":"alfaet","article_modified_time":"2020-11-30T16:27:11+00:00","twitter_card":"summary_large_image","twitter_misc":{"Ber\u00e4knad l\u00e4stid":"1 minut"},"schema":{"@context":"https:\/\/schema.org","@graph":[{"@type":"WebPage","@id":"https:\/\/lajdemo.se\/alfaet-lajdemo\/","url":"https:\/\/lajdemo.se\/alfaet-lajdemo\/","name":"Hem - alfaet | Bokf\u00f6ring \u2022 L\u00f6ner \u2022 Bokslut \u2022\u00a0Deklaration","isPartOf":{"@id":"https:\/\/lajdemo.se\/alfaet-lajdemo\/#website"},"datePublished":"2018-04-04T14:35:08+00:00","dateModified":"2020-11-30T16:27:11+00:00","description":"Vi \u00e4lskar bokf\u00f6ring, l\u00f6ner, bokslut och deklaration! \u00d6verl\u00e5t ekonomin till oss s\u00e5 hj\u00e4lper vi er att fokusera mer p\u00e5 er k\u00e4rnverksamhet.","breadcrumb":{"@id":"https:\/\/lajdemo.se\/alfaet-lajdemo\/#breadcrumb"},"inLanguage":"sv-SE","potentialAction":[{"@type":"ReadAction","target":["https:\/\/lajdemo.se\/alfaet-lajdemo\/"]}]},{"@type":"BreadcrumbList","@id":"https:\/\/lajdemo.se\/alfaet-lajdemo\/#breadcrumb","itemListElement":[{"@type":"ListItem","position":1,"name":"Hem","item":"https:\/\/lajdemo.se\/alfaet-lajdemo\/"},{"@type":"ListItem","position":2,"name":"Hem"}]},{"@type":"WebSite","@id":"https:\/\/lajdemo.se\/alfaet-lajdemo\/#website","url":"https:\/\/lajdemo.se\/alfaet-lajdemo\/","name":"alfaet","description":"Alfaredovisning - revisionsbyr\u00e5 i centrala V\u00e4ster\u00e5s","potentialAction":[{"@type":"SearchAction","target":{"@type":"EntryPoint","urlTemplate":"https:\/\/lajdemo.se\/alfaet-lajdemo\/?s={search_term_string}"},"query-input":"required name=search_term_string"}],"inLanguage":"sv-SE"}]}},"_links":{"self":[{"href":"https:\/\/lajdemo.se\/alfaet-lajdemo\/wp-json\/wp\/v2\/pages\/4"}],"collection":[{"href":"https:\/\/lajdemo.se\/alfaet-lajdemo\/wp-json\/wp\/v2\/pages"}],"about":[{"href":"https:\/\/lajdemo.se\/alfaet-lajdemo\/wp-json\/wp\/v2\/types\/page"}],"author":[{"embeddable":true,"href":"https:\/\/lajdemo.se\/alfaet-lajdemo\/wp-json\/wp\/v2\/users\/1"}],"replies":[{"embeddable":true,"href":"https:\/\/lajdemo.se\/alfaet-lajdemo\/wp-json\/wp\/v2\/comments?post=4"}],"version-history":[{"count":28,"href":"https:\/\/lajdemo.se\/alfaet-lajdemo\/wp-json\/wp\/v2\/pages\/4\/revisions"}],"predecessor-version":[{"id":937,"href":"https:\/\/lajdemo.se\/alfaet-lajdemo\/wp-json\/wp\/v2\/pages\/4\/revisions\/937"}],"wp:attachment":[{"href":"https:\/\/lajdemo.se\/alfaet-lajdemo\/wp-json\/wp\/v2\/media?parent=4"}],"curies":[{"name":"wp","href":"https:\/\/api.w.org\/{rel}","templated":true}]}}