
{"id":346,"date":"2018-12-06T16:06:12","date_gmt":"2018-12-06T15:06:12","guid":{"rendered":"https:\/\/lajdemo.se\/alfaet-lajdemo\/?page_id=346"},"modified":"2019-09-30T11:55:10","modified_gmt":"2019-09-30T09:55:10","slug":"alfaet-online","status":"publish","type":"page","link":"https:\/\/lajdemo.se\/alfaet-lajdemo\/alfaet-online\/","title":{"rendered":"Alfaet Online"},"content":{"rendered":"[vc_row full_width=&#8221;stretch_row&#8221; equal_height=&#8221;yes&#8221; css=&#8221;.vc_custom_1523617147965{background-color: #5b9f9a !important;}&#8221;][vc_column][vc_empty_space height=&#8221;40&#8243;][\/vc_column][\/vc_row][vc_row full_width=&#8221;stretch_row&#8221; gap=&#8221;3&#8243; css_animation=&#8221;none&#8221;][vc_column width=&#8221;2\/3&#8243;][vc_single_image image=&#8221;365&#8243; img_size=&#8221;full&#8221;][\/vc_column][vc_column width=&#8221;1\/3&#8243;][vc_column_text css=&#8221;.vc_custom_1569837288493{margin-top: 15% !important;}&#8221;]\n<h1 style=\"text-align: center;\"><a href=\"https:\/\/finsitapp.wolterskluwer.se\/External#!\/login\"><strong>Login<\/strong><\/a><\/h1>\n[\/vc_column_text][\/vc_column][\/vc_row][vc_row full_width=&#8221;stretch_row&#8221; equal_height=&#8221;yes&#8221; css=&#8221;.vc_custom_1523617147965{background-color: #5b9f9a !important;}&#8221;][vc_column][vc_empty_space height=&#8221;40&#8243;][\/vc_column][\/vc_row]\n","protected":false},"excerpt":{"rendered":"<p>[vc_row full_width=&#8221;stretch_row&#8221; equal_height=&#8221;yes&#8221; css=&#8221;.vc_custom_1523617147965{background-color: #5b9f9a !important;}&#8221;][vc_column][vc_empty_space height=&#8221;40&#8243;][\/vc_column][\/vc_row][vc_row full_width=&#8221;stretch_row&#8221; gap=&#8221;3&#8243; css_animation=&#8221;none&#8221;][vc_column width=&#8221;2\/3&#8243;][vc_single_image image=&#8221;365&#8243; img_size=&#8221;full&#8221;][\/vc_column][vc_column width=&#8221;1\/3&#8243;][vc_column_text css=&#8221;.vc_custom_1569837288493{margin-top: 15% !important;}&#8221;] Login [\/vc_column_text][\/vc_column][\/vc_row][vc_row full_width=&#8221;stretch_row&#8221; equal_height=&#8221;yes&#8221; css=&#8221;.vc_custom_1523617147965{background-color: #5b9f9a !important;}&#8221;][vc_column][vc_empty_space height=&#8221;40&#8243;][\/vc_column][\/vc_row]<\/p>\n","protected":false},"author":1,"featured_media":0,"parent":0,"menu_order":0,"comment_status":"closed","ping_status":"closed","template":"","meta":[],"yoast_head":"<!-- This site is optimized with the Yoast SEO plugin v19.9 - https:\/\/yoast.com\/wordpress\/plugins\/seo\/ -->\n<title>Alfaet Online - alfaet<\/title>\n<meta name=\"robots\" content=\"index, follow, max-snippet:-1, max-image-preview:large, max-video-preview:-1\" \/>\n<link rel=\"canonical\" href=\"https:\/\/lajdemo.se\/alfaet-lajdemo\/alfaet-online\/\" \/>\n<meta property=\"og:locale\" content=\"sv_SE\" \/>\n<meta property=\"og:type\" content=\"article\" \/>\n<meta property=\"og:title\" content=\"Alfaet Online - alfaet\" \/>\n<meta property=\"og:description\" content=\"[vc_row full_width=&#8221;stretch_row&#8221; equal_height=&#8221;yes&#8221; css=&#8221;.vc_custom_1523617147965{background-color: #5b9f9a !important;}&#8221;][vc_column][vc_empty_space height=&#8221;40&#8243;][\/vc_column][\/vc_row][vc_row full_width=&#8221;stretch_row&#8221; gap=&#8221;3&#8243; css_animation=&#8221;none&#8221;][vc_column width=&#8221;2\/3&#8243;][vc_single_image image=&#8221;365&#8243; img_size=&#8221;full&#8221;][\/vc_column][vc_column width=&#8221;1\/3&#8243;][vc_column_text css=&#8221;.vc_custom_1569837288493{margin-top: 15% !important;}&#8221;] Login [\/vc_column_text][\/vc_column][\/vc_row][vc_row full_width=&#8221;stretch_row&#8221; equal_height=&#8221;yes&#8221; css=&#8221;.vc_custom_1523617147965{background-color: #5b9f9a !important;}&#8221;][vc_column][vc_empty_space height=&#8221;40&#8243;][\/vc_column][\/vc_row]\" \/>\n<meta property=\"og:url\" content=\"https:\/\/lajdemo.se\/alfaet-lajdemo\/alfaet-online\/\" \/>\n<meta property=\"og:site_name\" content=\"alfaet\" \/>\n<meta property=\"article:modified_time\" content=\"2019-09-30T09:55:10+00:00\" \/>\n<meta name=\"twitter:card\" content=\"summary_large_image\" \/>\n<script type=\"application\/ld+json\" class=\"yoast-schema-graph\">{\"@context\":\"https:\/\/schema.org\",\"@graph\":[{\"@type\":\"WebPage\",\"@id\":\"https:\/\/lajdemo.se\/alfaet-lajdemo\/alfaet-online\/\",\"url\":\"https:\/\/lajdemo.se\/alfaet-lajdemo\/alfaet-online\/\",\"name\":\"Alfaet Online - alfaet\",\"isPartOf\":{\"@id\":\"https:\/\/lajdemo.se\/alfaet-lajdemo\/#website\"},\"datePublished\":\"2018-12-06T15:06:12+00:00\",\"dateModified\":\"2019-09-30T09:55:10+00:00\",\"breadcrumb\":{\"@id\":\"https:\/\/lajdemo.se\/alfaet-lajdemo\/alfaet-online\/#breadcrumb\"},\"inLanguage\":\"sv-SE\",\"potentialAction\":[{\"@type\":\"ReadAction\",\"target\":[\"https:\/\/lajdemo.se\/alfaet-lajdemo\/alfaet-online\/\"]}]},{\"@type\":\"BreadcrumbList\",\"@id\":\"https:\/\/lajdemo.se\/alfaet-lajdemo\/alfaet-online\/#breadcrumb\",\"itemListElement\":[{\"@type\":\"ListItem\",\"position\":1,\"name\":\"Hem\",\"item\":\"https:\/\/lajdemo.se\/alfaet-lajdemo\/\"},{\"@type\":\"ListItem\",\"position\":2,\"name\":\"Alfaet Online\"}]},{\"@type\":\"WebSite\",\"@id\":\"https:\/\/lajdemo.se\/alfaet-lajdemo\/#website\",\"url\":\"https:\/\/lajdemo.se\/alfaet-lajdemo\/\",\"name\":\"alfaet\",\"description\":\"Alfaredovisning - revisionsbyr\u00e5 i centrala V\u00e4ster\u00e5s\",\"potentialAction\":[{\"@type\":\"SearchAction\",\"target\":{\"@type\":\"EntryPoint\",\"urlTemplate\":\"https:\/\/lajdemo.se\/alfaet-lajdemo\/?s={search_term_string}\"},\"query-input\":\"required name=search_term_string\"}],\"inLanguage\":\"sv-SE\"}]}<\/script>\n<!-- \/ Yoast SEO plugin. -->","yoast_head_json":{"title":"Alfaet Online - alfaet","robots":{"index":"index","follow":"follow","max-snippet":"max-snippet:-1","max-image-preview":"max-image-preview:large","max-video-preview":"max-video-preview:-1"},"canonical":"https:\/\/lajdemo.se\/alfaet-lajdemo\/alfaet-online\/","og_locale":"sv_SE","og_type":"article","og_title":"Alfaet Online - alfaet","og_description":"[vc_row full_width=&#8221;stretch_row&#8221; equal_height=&#8221;yes&#8221; css=&#8221;.vc_custom_1523617147965{background-color: #5b9f9a !important;}&#8221;][vc_column][vc_empty_space height=&#8221;40&#8243;][\/vc_column][\/vc_row][vc_row full_width=&#8221;stretch_row&#8221; gap=&#8221;3&#8243; css_animation=&#8221;none&#8221;][vc_column width=&#8221;2\/3&#8243;][vc_single_image image=&#8221;365&#8243; img_size=&#8221;full&#8221;][\/vc_column][vc_column width=&#8221;1\/3&#8243;][vc_column_text css=&#8221;.vc_custom_1569837288493{margin-top: 15% !important;}&#8221;] Login [\/vc_column_text][\/vc_column][\/vc_row][vc_row full_width=&#8221;stretch_row&#8221; equal_height=&#8221;yes&#8221; css=&#8221;.vc_custom_1523617147965{background-color: #5b9f9a !important;}&#8221;][vc_column][vc_empty_space height=&#8221;40&#8243;][\/vc_column][\/vc_row]","og_url":"https:\/\/lajdemo.se\/alfaet-lajdemo\/alfaet-online\/","og_site_name":"alfaet","article_modified_time":"2019-09-30T09:55:10+00:00","twitter_card":"summary_large_image","schema":{"@context":"https:\/\/schema.org","@graph":[{"@type":"WebPage","@id":"https:\/\/lajdemo.se\/alfaet-lajdemo\/alfaet-online\/","url":"https:\/\/lajdemo.se\/alfaet-lajdemo\/alfaet-online\/","name":"Alfaet Online - alfaet","isPartOf":{"@id":"https:\/\/lajdemo.se\/alfaet-lajdemo\/#website"},"datePublished":"2018-12-06T15:06:12+00:00","dateModified":"2019-09-30T09:55:10+00:00","breadcrumb":{"@id":"https:\/\/lajdemo.se\/alfaet-lajdemo\/alfaet-online\/#breadcrumb"},"inLanguage":"sv-SE","potentialAction":[{"@type":"ReadAction","target":["https:\/\/lajdemo.se\/alfaet-lajdemo\/alfaet-online\/"]}]},{"@type":"BreadcrumbList","@id":"https:\/\/lajdemo.se\/alfaet-lajdemo\/alfaet-online\/#breadcrumb","itemListElement":[{"@type":"ListItem","position":1,"name":"Hem","item":"https:\/\/lajdemo.se\/alfaet-lajdemo\/"},{"@type":"ListItem","position":2,"name":"Alfaet Online"}]},{"@type":"WebSite","@id":"https:\/\/lajdemo.se\/alfaet-lajdemo\/#website","url":"https:\/\/lajdemo.se\/alfaet-lajdemo\/","name":"alfaet","description":"Alfaredovisning - revisionsbyr\u00e5 i centrala V\u00e4ster\u00e5s","potentialAction":[{"@type":"SearchAction","target":{"@type":"EntryPoint","urlTemplate":"https:\/\/lajdemo.se\/alfaet-lajdemo\/?s={search_term_string}"},"query-input":"required name=search_term_string"}],"inLanguage":"sv-SE"}]}},"_links":{"self":[{"href":"https:\/\/lajdemo.se\/alfaet-lajdemo\/wp-json\/wp\/v2\/pages\/346"}],"collection":[{"href":"https:\/\/lajdemo.se\/alfaet-lajdemo\/wp-json\/wp\/v2\/pages"}],"about":[{"href":"https:\/\/lajdemo.se\/alfaet-lajdemo\/wp-json\/wp\/v2\/types\/page"}],"author":[{"embeddable":true,"href":"https:\/\/lajdemo.se\/alfaet-lajdemo\/wp-json\/wp\/v2\/users\/1"}],"replies":[{"embeddable":true,"href":"https:\/\/lajdemo.se\/alfaet-lajdemo\/wp-json\/wp\/v2\/comments?post=346"}],"version-history":[{"count":11,"href":"https:\/\/lajdemo.se\/alfaet-lajdemo\/wp-json\/wp\/v2\/pages\/346\/revisions"}],"predecessor-version":[{"id":576,"href":"https:\/\/lajdemo.se\/alfaet-lajdemo\/wp-json\/wp\/v2\/pages\/346\/revisions\/576"}],"wp:attachment":[{"href":"https:\/\/lajdemo.se\/alfaet-lajdemo\/wp-json\/wp\/v2\/media?parent=346"}],"curies":[{"name":"wp","href":"https:\/\/api.w.org\/{rel}","templated":true}]}}