
{"id":20,"date":"2018-04-04T16:38:51","date_gmt":"2018-04-04T14:38:51","guid":{"rendered":"https:\/\/lajdemo.se\/alfaet-lajdemo\/?page_id=20"},"modified":"2020-11-26T16:51:38","modified_gmt":"2020-11-26T15:51:38","slug":"kontakt","status":"publish","type":"page","link":"https:\/\/lajdemo.se\/alfaet-lajdemo\/kontakt\/","title":{"rendered":"Kontakt"},"content":{"rendered":"[vc_row full_width=&#8221;stretch_row&#8221; equal_height=&#8221;yes&#8221; css=&#8221;.vc_custom_1537865755466{padding-bottom: px !important;background-color: #5b9f9a !important;}&#8221;][vc_column][vc_row_inner][vc_column_inner][\/vc_column_inner][\/vc_row_inner][vc_separator][\/vc_column][\/vc_row][vc_row full_width=&#8221;stretch_row&#8221; content_placement=&#8221;middle&#8221; css=&#8221;.vc_custom_1538660153995{padding-bottom: 20px !important;}&#8221;][vc_column width=&#8221;1\/3&#8243; css=&#8221;.vc_custom_1538659618049{margin-right: 0px !important;border-right-width: 0px !important;padding-top: 0px !important;padding-right: 0px !important;border-right-color: #5b9f9a !important;border-radius: 2px !important;}&#8221;][vc_column_text css=&#8221;.vc_custom_1539351446062{padding-bottom: 20px !important;}&#8221;]\n<h3>\u00d6nskar du f\u00e5 en offert eller boka ett f\u00f6ruts\u00e4ttningsl\u00f6st m\u00f6te?<\/h3>\n<p>Kontakta oss s\u00e5 tr\u00e4ffar vi er och ber\u00e4ttar vilka vi \u00e4r och vad vi har att erbjuda. Vi g\u00e5r tillsammans igenom era behov och utifr\u00e5n era \u00f6nskem\u00e5l s\u00e5 skr\u00e4ddarsyr vi en l\u00f6sning \u00e5t er.\u00a0Fyll i era uppgifter, s\u00e5 kontaktar vi er.\u00a0Det g\u00e5r \u00e4ven bra att ringa\/maila oss.<\/p>\n<p>Vi finns i centrala V\u00e4ster\u00e5s, p\u00e5 Stora Gatan 36.[\/vc_column_text][vc_single_image image=&#8221;172&#8243; img_size=&#8221;medium&#8221; alignment=&#8221;center&#8221; css=&#8221;.vc_custom_1538659143457{padding-bottom: 20px !important;}&#8221;][\/vc_column][vc_column width=&#8221;1\/3&#8243; css=&#8221;.vc_custom_1538660028740{padding-top: 0px !important;padding-right: 150px !important;padding-bottom: 60px !important;padding-left: 110px !important;}&#8221;][vc_column_text css=&#8221;.vc_custom_1606405893089{padding-bottom: 65px !important;}&#8221;]\n<p class=\"p1\"><strong><em><span class=\"s1\">Simone Turan<br \/>\n<\/span><\/em><\/strong><span class=\"s2\"><a href=\"mailto:simone@lajdemo.se\">simone@alfaredovisning.se<\/a><br \/>\n<\/span><span class=\"s1\">0709-350585<\/span><span class=\"s1\">\u00a0<\/span><\/p>\n<p class=\"p1\"><strong><em><span class=\"s1\">Lennart Edstr\u00f6m<br \/>\n<\/span><\/em><\/strong><span class=\"s2\"><a href=\"mailto:lennart@lajdemo.se\">lennart@alfaredovisning.se<\/a><br \/>\n<\/span><span class=\"s1\">0706-501771<\/span><span class=\"s1\">\u00a0<\/span><\/p>\n<p class=\"p1\"><strong><em><span class=\"s1\">Hans-\u00c5ke Emfevid<br \/>\n<\/span><\/em><\/strong><a href=\"mailto:hans@alfaredovisning.se\">hans@alfaredovisning.se<\/a><br \/>\n0709-290949<\/p>\n<p class=\"p1\"><strong><em><span class=\"s1\">Postadress:<\/span><\/em><\/strong><br \/>\nStora Gatan 36<br \/>\n722 12 V\u00e4ster\u00e5s<\/p>\n[\/vc_column_text][\/vc_column][vc_column width=&#8221;1\/3&#8243; css=&#8221;.vc_custom_1538660193637{padding-bottom: 30px !important;}&#8221;]<div role=\"form\" class=\"wpcf7\" id=\"wpcf7-f112-o1\" lang=\"sv-SE\" dir=\"ltr\">\n<div class=\"screen-reader-response\"><p role=\"status\" aria-live=\"polite\" aria-atomic=\"true\"><\/p> <ul><\/ul><\/div>\n<form action=\"\/alfaet-lajdemo\/wp-json\/wp\/v2\/pages\/20#wpcf7-f112-o1\" method=\"post\" class=\"wpcf7-form init\" novalidate=\"novalidate\" data-status=\"init\">\n<div style=\"display: none;\">\n<input type=\"hidden\" name=\"_wpcf7\" value=\"112\" \/>\n<input type=\"hidden\" name=\"_wpcf7_version\" value=\"5.6.4\" \/>\n<input type=\"hidden\" name=\"_wpcf7_locale\" value=\"sv_SE\" \/>\n<input type=\"hidden\" name=\"_wpcf7_unit_tag\" value=\"wpcf7-f112-o1\" \/>\n<input type=\"hidden\" name=\"_wpcf7_container_post\" value=\"0\" \/>\n<input type=\"hidden\" name=\"_wpcf7_posted_data_hash\" value=\"\" \/>\n<\/div>\n<p><label> Ditt namn (obligatorisk)<br \/>\n    <span class=\"wpcf7-form-control-wrap\" data-name=\"your-name\"><input type=\"text\" name=\"your-name\" value=\"\" size=\"40\" class=\"wpcf7-form-control wpcf7-text wpcf7-validates-as-required\" aria-required=\"true\" aria-invalid=\"false\" \/><\/span> <\/label><\/p>\n<p><label> Din epost (obligatorisk)<br \/>\n    <span class=\"wpcf7-form-control-wrap\" data-name=\"your-email\"><input type=\"email\" name=\"your-email\" value=\"\" size=\"40\" class=\"wpcf7-form-control wpcf7-text wpcf7-email wpcf7-validates-as-required wpcf7-validates-as-email\" aria-required=\"true\" aria-invalid=\"false\" \/><\/span> <\/label><\/p>\n<p><label> \u00c4mne<br \/>\n    <span class=\"wpcf7-form-control-wrap\" data-name=\"your-subject\"><input type=\"text\" name=\"your-subject\" value=\"\" size=\"40\" class=\"wpcf7-form-control wpcf7-text\" aria-invalid=\"false\" \/><\/span> <\/label><\/p>\n<p><label> Ditt meddelande<br \/>\n    <span class=\"wpcf7-form-control-wrap\" data-name=\"your-message\"><textarea name=\"your-message\" cols=\"40\" rows=\"10\" class=\"wpcf7-form-control wpcf7-textarea\" aria-invalid=\"false\"><\/textarea><\/span> <\/label><\/p>\n<p><input type=\"submit\" value=\"Skicka\" class=\"wpcf7-form-control has-spinner wpcf7-submit\" \/><\/p>\n<div class=\"wpcf7-response-output\" aria-hidden=\"true\"><\/div><\/form><\/div>[\/vc_column][\/vc_row][vc_row full_width=&#8221;stretch_row&#8221; equal_height=&#8221;yes&#8221; css=&#8221;.vc_custom_1537865781622{padding-bottom: 40px !important;background-color: #274a46 !important;}&#8221;][vc_column][\/vc_column][\/vc_row]\n","protected":false},"excerpt":{"rendered":"<p>[vc_row full_width=&#8221;stretch_row&#8221; equal_height=&#8221;yes&#8221; css=&#8221;.vc_custom_1537865755466{padding-bottom: px !important;background-color: #5b9f9a !important;}&#8221;][vc_column][vc_row_inner][vc_column_inner][\/vc_column_inner][\/vc_row_inner][vc_separator][\/vc_column][\/vc_row][vc_row full_width=&#8221;stretch_row&#8221; content_placement=&#8221;middle&#8221; css=&#8221;.vc_custom_1538660153995{padding-bottom: 20px !important;}&#8221;][vc_column width=&#8221;1\/3&#8243; css=&#8221;.vc_custom_1538659618049{margin-right: 0px !important;border-right-width: 0px !important;padding-top: 0px !important;padding-right: 0px !important;border-right-color: #5b9f9a !important;border-radius: 2px !important;}&#8221;][vc_column_text css=&#8221;.vc_custom_1539351446062{padding-bottom: 20px !important;}&#8221;]&#8230;<\/p>\n","protected":false},"author":1,"featured_media":0,"parent":0,"menu_order":0,"comment_status":"closed","ping_status":"closed","template":"","meta":[],"yoast_head":"<!-- This site is optimized with the Yoast SEO plugin v19.9 - https:\/\/yoast.com\/wordpress\/plugins\/seo\/ -->\n<title>Kontakt - alfaet |\u00a0Kontakta Alfaet f\u00f6r ett f\u00f6ruts\u00e4ttningsl\u00f6st m\u00f6te!<\/title>\n<meta name=\"description\" content=\"Kontakta oss f\u00f6r ett f\u00f6ruts\u00e4ttningsl\u00f6st m\u00f6te, s\u00e5 g\u00e5r vi tillsammans igenom era behov och utifr\u00e5n era \u00f6nskem\u00e5l skr\u00e4ddarsyr vi en l\u00f6sning \u00e5t er.\" \/>\n<meta name=\"robots\" content=\"index, follow, max-snippet:-1, max-image-preview:large, max-video-preview:-1\" \/>\n<link rel=\"canonical\" href=\"https:\/\/lajdemo.se\/alfaet-lajdemo\/kontakt\/\" \/>\n<meta property=\"og:locale\" content=\"sv_SE\" \/>\n<meta property=\"og:type\" content=\"article\" \/>\n<meta property=\"og:title\" content=\"Kontakt - alfaet |\u00a0Kontakta Alfaet f\u00f6r ett f\u00f6ruts\u00e4ttningsl\u00f6st m\u00f6te!\" \/>\n<meta property=\"og:description\" content=\"Kontakta oss f\u00f6r ett f\u00f6ruts\u00e4ttningsl\u00f6st m\u00f6te, s\u00e5 g\u00e5r vi tillsammans igenom era behov och utifr\u00e5n era \u00f6nskem\u00e5l skr\u00e4ddarsyr vi en l\u00f6sning \u00e5t er.\" \/>\n<meta property=\"og:url\" content=\"https:\/\/lajdemo.se\/alfaet-lajdemo\/kontakt\/\" \/>\n<meta property=\"og:site_name\" content=\"alfaet\" \/>\n<meta property=\"article:modified_time\" content=\"2020-11-26T15:51:38+00:00\" \/>\n<meta name=\"twitter:card\" content=\"summary_large_image\" \/>\n<meta name=\"twitter:label1\" content=\"Ber\u00e4knad l\u00e4stid\" \/>\n\t<meta name=\"twitter:data1\" content=\"1 minut\" \/>\n<script type=\"application\/ld+json\" class=\"yoast-schema-graph\">{\"@context\":\"https:\/\/schema.org\",\"@graph\":[{\"@type\":\"WebPage\",\"@id\":\"https:\/\/lajdemo.se\/alfaet-lajdemo\/kontakt\/\",\"url\":\"https:\/\/lajdemo.se\/alfaet-lajdemo\/kontakt\/\",\"name\":\"Kontakt - alfaet |\u00a0Kontakta Alfaet f\u00f6r ett f\u00f6ruts\u00e4ttningsl\u00f6st m\u00f6te!\",\"isPartOf\":{\"@id\":\"https:\/\/lajdemo.se\/alfaet-lajdemo\/#website\"},\"datePublished\":\"2018-04-04T14:38:51+00:00\",\"dateModified\":\"2020-11-26T15:51:38+00:00\",\"description\":\"Kontakta oss f\u00f6r ett f\u00f6ruts\u00e4ttningsl\u00f6st m\u00f6te, s\u00e5 g\u00e5r vi tillsammans igenom era behov och utifr\u00e5n era \u00f6nskem\u00e5l skr\u00e4ddarsyr vi en l\u00f6sning \u00e5t er.\",\"breadcrumb\":{\"@id\":\"https:\/\/lajdemo.se\/alfaet-lajdemo\/kontakt\/#breadcrumb\"},\"inLanguage\":\"sv-SE\",\"potentialAction\":[{\"@type\":\"ReadAction\",\"target\":[\"https:\/\/lajdemo.se\/alfaet-lajdemo\/kontakt\/\"]}]},{\"@type\":\"BreadcrumbList\",\"@id\":\"https:\/\/lajdemo.se\/alfaet-lajdemo\/kontakt\/#breadcrumb\",\"itemListElement\":[{\"@type\":\"ListItem\",\"position\":1,\"name\":\"Hem\",\"item\":\"https:\/\/lajdemo.se\/alfaet-lajdemo\/\"},{\"@type\":\"ListItem\",\"position\":2,\"name\":\"Kontakt\"}]},{\"@type\":\"WebSite\",\"@id\":\"https:\/\/lajdemo.se\/alfaet-lajdemo\/#website\",\"url\":\"https:\/\/lajdemo.se\/alfaet-lajdemo\/\",\"name\":\"alfaet\",\"description\":\"Alfaredovisning - revisionsbyr\u00e5 i centrala V\u00e4ster\u00e5s\",\"potentialAction\":[{\"@type\":\"SearchAction\",\"target\":{\"@type\":\"EntryPoint\",\"urlTemplate\":\"https:\/\/lajdemo.se\/alfaet-lajdemo\/?s={search_term_string}\"},\"query-input\":\"required name=search_term_string\"}],\"inLanguage\":\"sv-SE\"}]}<\/script>\n<!-- \/ Yoast SEO plugin. -->","yoast_head_json":{"title":"Kontakt - alfaet |\u00a0Kontakta Alfaet f\u00f6r ett f\u00f6ruts\u00e4ttningsl\u00f6st m\u00f6te!","description":"Kontakta oss f\u00f6r ett f\u00f6ruts\u00e4ttningsl\u00f6st m\u00f6te, s\u00e5 g\u00e5r vi tillsammans igenom era behov och utifr\u00e5n era \u00f6nskem\u00e5l skr\u00e4ddarsyr vi en l\u00f6sning \u00e5t er.","robots":{"index":"index","follow":"follow","max-snippet":"max-snippet:-1","max-image-preview":"max-image-preview:large","max-video-preview":"max-video-preview:-1"},"canonical":"https:\/\/lajdemo.se\/alfaet-lajdemo\/kontakt\/","og_locale":"sv_SE","og_type":"article","og_title":"Kontakt - alfaet |\u00a0Kontakta Alfaet f\u00f6r ett f\u00f6ruts\u00e4ttningsl\u00f6st m\u00f6te!","og_description":"Kontakta oss f\u00f6r ett f\u00f6ruts\u00e4ttningsl\u00f6st m\u00f6te, s\u00e5 g\u00e5r vi tillsammans igenom era behov och utifr\u00e5n era \u00f6nskem\u00e5l skr\u00e4ddarsyr vi en l\u00f6sning \u00e5t er.","og_url":"https:\/\/lajdemo.se\/alfaet-lajdemo\/kontakt\/","og_site_name":"alfaet","article_modified_time":"2020-11-26T15:51:38+00:00","twitter_card":"summary_large_image","twitter_misc":{"Ber\u00e4knad l\u00e4stid":"1 minut"},"schema":{"@context":"https:\/\/schema.org","@graph":[{"@type":"WebPage","@id":"https:\/\/lajdemo.se\/alfaet-lajdemo\/kontakt\/","url":"https:\/\/lajdemo.se\/alfaet-lajdemo\/kontakt\/","name":"Kontakt - alfaet |\u00a0Kontakta Alfaet f\u00f6r ett f\u00f6ruts\u00e4ttningsl\u00f6st m\u00f6te!","isPartOf":{"@id":"https:\/\/lajdemo.se\/alfaet-lajdemo\/#website"},"datePublished":"2018-04-04T14:38:51+00:00","dateModified":"2020-11-26T15:51:38+00:00","description":"Kontakta oss f\u00f6r ett f\u00f6ruts\u00e4ttningsl\u00f6st m\u00f6te, s\u00e5 g\u00e5r vi tillsammans igenom era behov och utifr\u00e5n era \u00f6nskem\u00e5l skr\u00e4ddarsyr vi en l\u00f6sning \u00e5t er.","breadcrumb":{"@id":"https:\/\/lajdemo.se\/alfaet-lajdemo\/kontakt\/#breadcrumb"},"inLanguage":"sv-SE","potentialAction":[{"@type":"ReadAction","target":["https:\/\/lajdemo.se\/alfaet-lajdemo\/kontakt\/"]}]},{"@type":"BreadcrumbList","@id":"https:\/\/lajdemo.se\/alfaet-lajdemo\/kontakt\/#breadcrumb","itemListElement":[{"@type":"ListItem","position":1,"name":"Hem","item":"https:\/\/lajdemo.se\/alfaet-lajdemo\/"},{"@type":"ListItem","position":2,"name":"Kontakt"}]},{"@type":"WebSite","@id":"https:\/\/lajdemo.se\/alfaet-lajdemo\/#website","url":"https:\/\/lajdemo.se\/alfaet-lajdemo\/","name":"alfaet","description":"Alfaredovisning - revisionsbyr\u00e5 i centrala V\u00e4ster\u00e5s","potentialAction":[{"@type":"SearchAction","target":{"@type":"EntryPoint","urlTemplate":"https:\/\/lajdemo.se\/alfaet-lajdemo\/?s={search_term_string}"},"query-input":"required name=search_term_string"}],"inLanguage":"sv-SE"}]}},"_links":{"self":[{"href":"https:\/\/lajdemo.se\/alfaet-lajdemo\/wp-json\/wp\/v2\/pages\/20"}],"collection":[{"href":"https:\/\/lajdemo.se\/alfaet-lajdemo\/wp-json\/wp\/v2\/pages"}],"about":[{"href":"https:\/\/lajdemo.se\/alfaet-lajdemo\/wp-json\/wp\/v2\/types\/page"}],"author":[{"embeddable":true,"href":"https:\/\/lajdemo.se\/alfaet-lajdemo\/wp-json\/wp\/v2\/users\/1"}],"replies":[{"embeddable":true,"href":"https:\/\/lajdemo.se\/alfaet-lajdemo\/wp-json\/wp\/v2\/comments?post=20"}],"version-history":[{"count":16,"href":"https:\/\/lajdemo.se\/alfaet-lajdemo\/wp-json\/wp\/v2\/pages\/20\/revisions"}],"predecessor-version":[{"id":926,"href":"https:\/\/lajdemo.se\/alfaet-lajdemo\/wp-json\/wp\/v2\/pages\/20\/revisions\/926"}],"wp:attachment":[{"href":"https:\/\/lajdemo.se\/alfaet-lajdemo\/wp-json\/wp\/v2\/media?parent=20"}],"curies":[{"name":"wp","href":"https:\/\/api.w.org\/{rel}","templated":true}]}}